{"id":891,"date":"2021-03-16T05:57:40","date_gmt":"2021-03-16T05:57:40","guid":{"rendered":"https:\/\/www.bcestratcomm.hu\/groupone\/contact\/"},"modified":"2022-12-16T08:53:14","modified_gmt":"2022-12-16T08:53:14","slug":"contact","status":"publish","type":"page","link":"https:\/\/www.bcestratcomm.hu\/groupone\/contact\/","title":{"rendered":"Contact"},"content":{"rendered":"\t\t<div data-elementor-type=\"wp-page\" data-elementor-id=\"891\" class=\"elementor elementor-891\" data-elementor-post-type=\"page\">\n\t\t\t\t\t\t<section class=\"elementor-section elementor-top-section elementor-element elementor-element-819056a elementor-section-boxed elementor-section-height-default elementor-section-height-default\" data-id=\"819056a\" data-element_type=\"section\">\n\t\t\t\t\t\t<div class=\"elementor-container elementor-column-gap-no\">\n\t\t\t\t\t<div class=\"elementor-column elementor-col-50 elementor-top-column elementor-element elementor-element-6fdc5f3\" data-id=\"6fdc5f3\" data-element_type=\"column\">\n\t\t\t<div class=\"elementor-widget-wrap elementor-element-populated\">\n\t\t\t\t\t\t<div class=\"elementor-element elementor-element-99aa20e elementor-widget elementor-widget-heading\" data-id=\"99aa20e\" data-element_type=\"widget\" data-widget_type=\"heading.default\">\n\t\t\t\t<div class=\"elementor-widget-container\">\n\t\t\t\t\t<h1 class=\"elementor-heading-title elementor-size-default\">Contact<\/h1>\t\t\t\t<\/div>\n\t\t\t\t<\/div>\n\t\t\t\t<div class=\"elementor-element elementor-element-3b1453d elementor-widget elementor-widget-text-editor\" data-id=\"3b1453d\" data-element_type=\"widget\" data-widget_type=\"text-editor.default\">\n\t\t\t\t<div class=\"elementor-widget-container\">\n\t\t\t\t\t\t\t\t\t<p>In case if you have any questions, requests or recommendations for the future, please contact us through one of our channels that you can find below.<\/p>\t\t\t\t\t\t\t\t<\/div>\n\t\t\t\t<\/div>\n\t\t\t\t<div class=\"elementor-element elementor-element-635f026 elementor-widget elementor-widget-heading\" data-id=\"635f026\" data-element_type=\"widget\" data-widget_type=\"heading.default\">\n\t\t\t\t<div class=\"elementor-widget-container\">\n\t\t\t\t\t<h4 class=\"elementor-heading-title elementor-size-default\">Speak to Us<\/h4>\t\t\t\t<\/div>\n\t\t\t\t<\/div>\n\t\t\t\t<div class=\"elementor-element elementor-element-5d7759d elementor-icon-list--layout-traditional elementor-list-item-link-full_width elementor-widget elementor-widget-icon-list\" data-id=\"5d7759d\" data-element_type=\"widget\" data-widget_type=\"icon-list.default\">\n\t\t\t\t<div class=\"elementor-widget-container\">\n\t\t\t\t\t\t\t<ul class=\"elementor-icon-list-items\">\n\t\t\t\t\t\t\t<li class=\"elementor-icon-list-item\">\n\t\t\t\t\t\t\t\t\t\t\t<span class=\"elementor-icon-list-icon\">\n\t\t\t\t\t\t\t<i aria-hidden=\"true\" class=\"fas fa-phone\"><\/i>\t\t\t\t\t\t<\/span>\n\t\t\t\t\t\t\t\t\t\t<span class=\"elementor-icon-list-text\">Call: (1) 798 9246<\/span>\n\t\t\t\t\t\t\t\t\t<\/li>\n\t\t\t\t\t\t\t\t<li class=\"elementor-icon-list-item\">\n\t\t\t\t\t\t\t\t\t\t\t<a href=\"#\">\n\n\t\t\t\t\t\t\t\t\t\t\t\t<span class=\"elementor-icon-list-icon\">\n\t\t\t\t\t\t\t<i aria-hidden=\"true\" class=\"fas fa-glass-cheers\"><\/i>\t\t\t\t\t\t<\/span>\n\t\t\t\t\t\t\t\t\t\t<span class=\"elementor-icon-list-text\">General enquiry: winners.sportpub2019@gmail.com<\/span>\n\t\t\t\t\t\t\t\t\t\t\t<\/a>\n\t\t\t\t\t\t\t\t\t<\/li>\n\t\t\t\t\t\t\t\t<li class=\"elementor-icon-list-item\">\n\t\t\t\t\t\t\t\t\t\t\t<a href=\"#\">\n\n\t\t\t\t\t\t\t\t\t\t\t\t<span class=\"elementor-icon-list-icon\">\n\t\t\t\t\t\t\t<i aria-hidden=\"true\" class=\"fas fa-newspaper\"><\/i>\t\t\t\t\t\t<\/span>\n\t\t\t\t\t\t\t\t\t\t<span class=\"elementor-icon-list-text\">Reserve tables: just call us or you can do it personally <\/span>\n\t\t\t\t\t\t\t\t\t\t\t<\/a>\n\t\t\t\t\t\t\t\t\t<\/li>\n\t\t\t\t\t\t<\/ul>\n\t\t\t\t\t\t<\/div>\n\t\t\t\t<\/div>\n\t\t\t\t<div class=\"elementor-element elementor-element-4736268 elementor-widget elementor-widget-heading\" data-id=\"4736268\" data-element_type=\"widget\" data-widget_type=\"heading.default\">\n\t\t\t\t<div class=\"elementor-widget-container\">\n\t\t\t\t\t<h6 class=\"elementor-heading-title elementor-size-default\">Follow Us <\/h6>\t\t\t\t<\/div>\n\t\t\t\t<\/div>\n\t\t\t\t<div class=\"elementor-element elementor-element-5598224 elementor-icon-list--layout-inline elementor-list-item-link-full_width elementor-widget elementor-widget-icon-list\" data-id=\"5598224\" data-element_type=\"widget\" data-widget_type=\"icon-list.default\">\n\t\t\t\t<div class=\"elementor-widget-container\">\n\t\t\t\t\t\t\t<ul class=\"elementor-icon-list-items elementor-inline-items\">\n\t\t\t\t\t\t\t<li class=\"elementor-icon-list-item elementor-inline-item\">\n\t\t\t\t\t\t\t\t\t\t\t<a href=\"https:\/\/www.instagram.com\/winnerssportspub\/?hl=hu\">\n\n\t\t\t\t\t\t\t\t\t\t\t\t<span class=\"elementor-icon-list-icon\">\n\t\t\t\t\t\t\t<i aria-hidden=\"true\" class=\"fab fa-instagram\"><\/i>\t\t\t\t\t\t<\/span>\n\t\t\t\t\t\t\t\t\t\t<span class=\"elementor-icon-list-text\">Instagram<\/span>\n\t\t\t\t\t\t\t\t\t\t\t<\/a>\n\t\t\t\t\t\t\t\t\t<\/li>\n\t\t\t\t\t\t\t\t<li class=\"elementor-icon-list-item elementor-inline-item\">\n\t\t\t\t\t\t\t\t\t\t\t<a href=\"https:\/\/www.facebook.com\/WinnersSportsPub\/\">\n\n\t\t\t\t\t\t\t\t\t\t\t\t<span class=\"elementor-icon-list-icon\">\n\t\t\t\t\t\t\t<i aria-hidden=\"true\" class=\"fab fa-facebook\"><\/i>\t\t\t\t\t\t<\/span>\n\t\t\t\t\t\t\t\t\t\t<span class=\"elementor-icon-list-text\">Facebook<\/span>\n\t\t\t\t\t\t\t\t\t\t\t<\/a>\n\t\t\t\t\t\t\t\t\t<\/li>\n\t\t\t\t\t\t<\/ul>\n\t\t\t\t\t\t<\/div>\n\t\t\t\t<\/div>\n\t\t\t\t\t<\/div>\n\t\t<\/div>\n\t\t\t\t<div class=\"elementor-column elementor-col-50 elementor-top-column elementor-element elementor-element-10b0cec\" data-id=\"10b0cec\" data-element_type=\"column\">\n\t\t\t<div class=\"elementor-widget-wrap elementor-element-populated\">\n\t\t\t\t\t\t<div class=\"elementor-element elementor-element-093c2f9 elementor-widget elementor-widget-image\" data-id=\"093c2f9\" data-element_type=\"widget\" data-widget_type=\"image.default\">\n\t\t\t\t<div class=\"elementor-widget-container\">\n\t\t\t\t\t\t\t\t\t\t\t\t\t\t\t<img fetchpriority=\"high\" decoding=\"async\" width=\"1024\" height=\"608\" src=\"https:\/\/www.bcestratcomm.hu\/groupone\/wp-content\/uploads\/sites\/15\/2022\/11\/16866135_be8f39bda40b2940c4b64ee1a2dd4f8a_xl_nagykep-1024x608.jpg\" class=\"attachment-large size-large wp-image-1632\" alt=\"\" srcset=\"https:\/\/www.bcestratcomm.hu\/groupone\/wp-content\/uploads\/sites\/15\/2022\/11\/16866135_be8f39bda40b2940c4b64ee1a2dd4f8a_xl_nagykep-1024x608.jpg 1024w, https:\/\/www.bcestratcomm.hu\/groupone\/wp-content\/uploads\/sites\/15\/2022\/11\/16866135_be8f39bda40b2940c4b64ee1a2dd4f8a_xl_nagykep-300x178.jpg 300w, https:\/\/www.bcestratcomm.hu\/groupone\/wp-content\/uploads\/sites\/15\/2022\/11\/16866135_be8f39bda40b2940c4b64ee1a2dd4f8a_xl_nagykep-768x456.jpg 768w, https:\/\/www.bcestratcomm.hu\/groupone\/wp-content\/uploads\/sites\/15\/2022\/11\/16866135_be8f39bda40b2940c4b64ee1a2dd4f8a_xl_nagykep-1536x912.jpg 1536w, https:\/\/www.bcestratcomm.hu\/groupone\/wp-content\/uploads\/sites\/15\/2022\/11\/16866135_be8f39bda40b2940c4b64ee1a2dd4f8a_xl_nagykep.jpg 1600w\" sizes=\"(max-width: 1024px) 100vw, 1024px\" \/>\t\t\t\t\t\t\t\t\t\t\t\t\t\t\t<\/div>\n\t\t\t\t<\/div>\n\t\t\t\t\t<\/div>\n\t\t<\/div>\n\t\t\t\t\t<\/div>\n\t\t<\/section>\n\t\t\t\t<section class=\"elementor-section elementor-top-section elementor-element elementor-element-588f650 elementor-section-boxed elementor-section-height-default elementor-section-height-default\" data-id=\"588f650\" data-element_type=\"section\">\n\t\t\t\t\t\t<div class=\"elementor-container elementor-column-gap-no\">\n\t\t\t\t\t<div class=\"elementor-column elementor-col-100 elementor-top-column elementor-element elementor-element-adefc5c\" data-id=\"adefc5c\" data-element_type=\"column\">\n\t\t\t<div class=\"elementor-widget-wrap elementor-element-populated\">\n\t\t\t\t\t\t<section class=\"elementor-section elementor-inner-section elementor-element elementor-element-d6485fb elementor-section-boxed elementor-section-height-default elementor-section-height-default\" data-id=\"d6485fb\" data-element_type=\"section\">\n\t\t\t\t\t\t<div class=\"elementor-container elementor-column-gap-no\">\n\t\t\t\t\t<div class=\"elementor-column elementor-col-50 elementor-inner-column elementor-element elementor-element-8ef8290\" data-id=\"8ef8290\" data-element_type=\"column\">\n\t\t\t<div class=\"elementor-widget-wrap elementor-element-populated\">\n\t\t\t\t\t\t<div class=\"elementor-element elementor-element-0d1936d elementor-position-left elementor-view-default elementor-mobile-position-top elementor-widget elementor-widget-icon-box\" data-id=\"0d1936d\" data-element_type=\"widget\" data-widget_type=\"icon-box.default\">\n\t\t\t\t<div class=\"elementor-widget-container\">\n\t\t\t\t\t\t\t<div class=\"elementor-icon-box-wrapper\">\n\n\t\t\t\t\t\t<div class=\"elementor-icon-box-icon\">\n\t\t\t\t<span  class=\"elementor-icon\">\n\t\t\t\t<i aria-hidden=\"true\" class=\"fas fa-map-marker-alt\"><\/i>\t\t\t\t<\/span>\n\t\t\t<\/div>\n\t\t\t\n\t\t\t\t\t\t<div class=\"elementor-icon-box-content\">\n\n\t\t\t\t\t\t\t\t\t<h5 class=\"elementor-icon-box-title\">\n\t\t\t\t\t\t<span  >\n\t\t\t\t\t\t\tLocation\t\t\t\t\t\t<\/span>\n\t\t\t\t\t<\/h5>\n\t\t\t\t\n\t\t\t\t\t\t\t\t\t<p class=\"elementor-icon-box-description\">\n\t\t\t\t\t\tErzs\u00e9bet k\u00f6r\u00fat 40-42, Budapest 1073, Hungary\t\t\t\t\t<\/p>\n\t\t\t\t\n\t\t\t<\/div>\n\t\t\t\n\t\t<\/div>\n\t\t\t\t\t\t<\/div>\n\t\t\t\t<\/div>\n\t\t\t\t\t<\/div>\n\t\t<\/div>\n\t\t\t\t<div class=\"elementor-column elementor-col-50 elementor-inner-column elementor-element elementor-element-b821bdc\" data-id=\"b821bdc\" data-element_type=\"column\">\n\t\t\t<div class=\"elementor-widget-wrap elementor-element-populated\">\n\t\t\t\t\t\t<div class=\"elementor-element elementor-element-36e7d68 elementor-position-left elementor-view-default elementor-mobile-position-top elementor-widget elementor-widget-icon-box\" data-id=\"36e7d68\" data-element_type=\"widget\" data-widget_type=\"icon-box.default\">\n\t\t\t\t<div class=\"elementor-widget-container\">\n\t\t\t\t\t\t\t<div class=\"elementor-icon-box-wrapper\">\n\n\t\t\t\t\t\t<div class=\"elementor-icon-box-icon\">\n\t\t\t\t<span  class=\"elementor-icon\">\n\t\t\t\t<i aria-hidden=\"true\" class=\"fas fa-clock\"><\/i>\t\t\t\t<\/span>\n\t\t\t<\/div>\n\t\t\t\n\t\t\t\t\t\t<div class=\"elementor-icon-box-content\">\n\n\t\t\t\t\t\t\t\t\t<h5 class=\"elementor-icon-box-title\">\n\t\t\t\t\t\t<span  >\n\t\t\t\t\t\t\tOpen Hours\t\t\t\t\t\t<\/span>\n\t\t\t\t\t<\/h5>\n\t\t\t\t\n\t\t\t\t\t\t\t\t\t<p class=\"elementor-icon-box-description\">\n\t\t\t\t\t\tSunday - Wednesday: 12 pm - 12 am<br>Thursday - Saturday: 12 pm - 3 am\t\t\t\t\t<\/p>\n\t\t\t\t\n\t\t\t<\/div>\n\t\t\t\n\t\t<\/div>\n\t\t\t\t\t\t<\/div>\n\t\t\t\t<\/div>\n\t\t\t\t\t<\/div>\n\t\t<\/div>\n\t\t\t\t\t<\/div>\n\t\t<\/section>\n\t\t\t\t<div class=\"elementor-element elementor-element-690dd78 elementor-widget elementor-widget-google_maps\" data-id=\"690dd78\" data-element_type=\"widget\" data-widget_type=\"google_maps.default\">\n\t\t\t\t<div class=\"elementor-widget-container\">\n\t\t\t\t\t\t\t<div class=\"elementor-custom-embed\">\n\t\t\t<iframe loading=\"lazy\"\n\t\t\t\t\tsrc=\"https:\/\/maps.google.com\/maps?q=Erzs%C3%A9bet%20k%C3%B6r%C3%BAt%2040-42%2C%20Budapest%2C%201073%2C%20Hungary&#038;t=m&#038;z=16&#038;output=embed&#038;iwloc=near\"\n\t\t\t\t\ttitle=\"Erzs\u00e9bet k\u00f6r\u00fat 40-42, Budapest, 1073, Hungary\"\n\t\t\t\t\taria-label=\"Erzs\u00e9bet k\u00f6r\u00fat 40-42, Budapest, 1073, Hungary\"\n\t\t\t><\/iframe>\n\t\t<\/div>\n\t\t\t\t\t\t<\/div>\n\t\t\t\t<\/div>\n\t\t\t\t\t<\/div>\n\t\t<\/div>\n\t\t\t\t\t<\/div>\n\t\t<\/section>\n\t\t\t\t<section class=\"elementor-section elementor-top-section elementor-element elementor-element-faeae9b elementor-section-full_width elementor-section-height-default elementor-section-height-default\" data-id=\"faeae9b\" data-element_type=\"section\">\n\t\t\t\t\t\t<div class=\"elementor-container elementor-column-gap-default\">\n\t\t\t\t\t<div class=\"elementor-column elementor-col-100 elementor-top-column elementor-element elementor-element-95a9fec\" data-id=\"95a9fec\" data-element_type=\"column\">\n\t\t\t<div class=\"elementor-widget-wrap elementor-element-populated\">\n\t\t\t\t\t\t<div class=\"elementor-element elementor-element-c5e6595 gallery-spacing-custom elementor-widget elementor-widget-image-gallery\" data-id=\"c5e6595\" data-element_type=\"widget\" data-widget_type=\"image-gallery.default\">\n\t\t\t\t<div class=\"elementor-widget-container\">\n\t\t\t\t\t\t\t<div class=\"elementor-image-gallery\">\n\t\t\t<div id='gallery-1' class='gallery galleryid-891 gallery-columns-3 gallery-size-large'><figure class='gallery-item'>\n\t\t\t<div class='gallery-icon landscape'>\n\t\t\t\t<img decoding=\"async\" width=\"1024\" height=\"768\" src=\"https:\/\/www.bcestratcomm.hu\/groupone\/wp-content\/uploads\/sites\/15\/2022\/11\/61565101_1181270578740733_8139239626108829696_n-1024x768.jpg\" class=\"attachment-large size-large\" alt=\"\" srcset=\"https:\/\/www.bcestratcomm.hu\/groupone\/wp-content\/uploads\/sites\/15\/2022\/11\/61565101_1181270578740733_8139239626108829696_n-1024x768.jpg 1024w, https:\/\/www.bcestratcomm.hu\/groupone\/wp-content\/uploads\/sites\/15\/2022\/11\/61565101_1181270578740733_8139239626108829696_n-300x225.jpg 300w, https:\/\/www.bcestratcomm.hu\/groupone\/wp-content\/uploads\/sites\/15\/2022\/11\/61565101_1181270578740733_8139239626108829696_n-768x576.jpg 768w, https:\/\/www.bcestratcomm.hu\/groupone\/wp-content\/uploads\/sites\/15\/2022\/11\/61565101_1181270578740733_8139239626108829696_n-1536x1152.jpg 1536w, https:\/\/www.bcestratcomm.hu\/groupone\/wp-content\/uploads\/sites\/15\/2022\/11\/61565101_1181270578740733_8139239626108829696_n.jpg 2048w\" sizes=\"(max-width: 1024px) 100vw, 1024px\" \/>\n\t\t\t<\/div><\/figure><figure class='gallery-item'>\n\t\t\t<div class='gallery-icon landscape'>\n\t\t\t\t<img decoding=\"async\" width=\"1024\" height=\"768\" src=\"https:\/\/www.bcestratcomm.hu\/groupone\/wp-content\/uploads\/sites\/15\/2022\/11\/65771141_1210142415853549_607767310089846784_n-1024x768.jpg\" class=\"attachment-large size-large\" alt=\"\" srcset=\"https:\/\/www.bcestratcomm.hu\/groupone\/wp-content\/uploads\/sites\/15\/2022\/11\/65771141_1210142415853549_607767310089846784_n-1024x768.jpg 1024w, https:\/\/www.bcestratcomm.hu\/groupone\/wp-content\/uploads\/sites\/15\/2022\/11\/65771141_1210142415853549_607767310089846784_n-300x225.jpg 300w, https:\/\/www.bcestratcomm.hu\/groupone\/wp-content\/uploads\/sites\/15\/2022\/11\/65771141_1210142415853549_607767310089846784_n-768x576.jpg 768w, https:\/\/www.bcestratcomm.hu\/groupone\/wp-content\/uploads\/sites\/15\/2022\/11\/65771141_1210142415853549_607767310089846784_n-1536x1152.jpg 1536w, https:\/\/www.bcestratcomm.hu\/groupone\/wp-content\/uploads\/sites\/15\/2022\/11\/65771141_1210142415853549_607767310089846784_n.jpg 1944w\" sizes=\"(max-width: 1024px) 100vw, 1024px\" \/>\n\t\t\t<\/div><\/figure><figure class='gallery-item'>\n\t\t\t<div class='gallery-icon landscape'>\n\t\t\t\t<img loading=\"lazy\" decoding=\"async\" width=\"1024\" height=\"768\" src=\"https:\/\/www.bcestratcomm.hu\/groupone\/wp-content\/uploads\/sites\/15\/2022\/11\/309909618_505246858279922_1211357941586658478_n-1024x768.jpg\" class=\"attachment-large size-large\" alt=\"\" srcset=\"https:\/\/www.bcestratcomm.hu\/groupone\/wp-content\/uploads\/sites\/15\/2022\/11\/309909618_505246858279922_1211357941586658478_n-1024x768.jpg 1024w, https:\/\/www.bcestratcomm.hu\/groupone\/wp-content\/uploads\/sites\/15\/2022\/11\/309909618_505246858279922_1211357941586658478_n-300x225.jpg 300w, https:\/\/www.bcestratcomm.hu\/groupone\/wp-content\/uploads\/sites\/15\/2022\/11\/309909618_505246858279922_1211357941586658478_n-768x576.jpg 768w, https:\/\/www.bcestratcomm.hu\/groupone\/wp-content\/uploads\/sites\/15\/2022\/11\/309909618_505246858279922_1211357941586658478_n-1536x1152.jpg 1536w, https:\/\/www.bcestratcomm.hu\/groupone\/wp-content\/uploads\/sites\/15\/2022\/11\/309909618_505246858279922_1211357941586658478_n.jpg 2048w\" sizes=\"(max-width: 1024px) 100vw, 1024px\" \/>\n\t\t\t<\/div><\/figure><figure class='gallery-item'>\n\t\t\t<div class='gallery-icon landscape'>\n\t\t\t\t<img loading=\"lazy\" decoding=\"async\" width=\"1024\" height=\"1024\" src=\"https:\/\/www.bcestratcomm.hu\/groupone\/wp-content\/uploads\/sites\/15\/2022\/11\/274009641_1981286632072453_4350876919146613012_n-1024x1024.jpg\" class=\"attachment-large size-large\" alt=\"\" srcset=\"https:\/\/www.bcestratcomm.hu\/groupone\/wp-content\/uploads\/sites\/15\/2022\/11\/274009641_1981286632072453_4350876919146613012_n-1024x1024.jpg 1024w, https:\/\/www.bcestratcomm.hu\/groupone\/wp-content\/uploads\/sites\/15\/2022\/11\/274009641_1981286632072453_4350876919146613012_n-300x300.jpg 300w, https:\/\/www.bcestratcomm.hu\/groupone\/wp-content\/uploads\/sites\/15\/2022\/11\/274009641_1981286632072453_4350876919146613012_n-150x150.jpg 150w, https:\/\/www.bcestratcomm.hu\/groupone\/wp-content\/uploads\/sites\/15\/2022\/11\/274009641_1981286632072453_4350876919146613012_n-768x768.jpg 768w, https:\/\/www.bcestratcomm.hu\/groupone\/wp-content\/uploads\/sites\/15\/2022\/11\/274009641_1981286632072453_4350876919146613012_n-1536x1536.jpg 1536w, https:\/\/www.bcestratcomm.hu\/groupone\/wp-content\/uploads\/sites\/15\/2022\/11\/274009641_1981286632072453_4350876919146613012_n.jpg 1680w\" sizes=\"(max-width: 1024px) 100vw, 1024px\" \/>\n\t\t\t<\/div><\/figure><figure class='gallery-item'>\n\t\t\t<div class='gallery-icon landscape'>\n\t\t\t\t<img loading=\"lazy\" decoding=\"async\" width=\"1024\" height=\"1024\" src=\"https:\/\/www.bcestratcomm.hu\/groupone\/wp-content\/uploads\/sites\/15\/2022\/11\/277308031_2012100478991068_8437897835675561834_n-1024x1024.jpg\" class=\"attachment-large size-large\" alt=\"\" srcset=\"https:\/\/www.bcestratcomm.hu\/groupone\/wp-content\/uploads\/sites\/15\/2022\/11\/277308031_2012100478991068_8437897835675561834_n-1024x1024.jpg 1024w, https:\/\/www.bcestratcomm.hu\/groupone\/wp-content\/uploads\/sites\/15\/2022\/11\/277308031_2012100478991068_8437897835675561834_n-300x300.jpg 300w, https:\/\/www.bcestratcomm.hu\/groupone\/wp-content\/uploads\/sites\/15\/2022\/11\/277308031_2012100478991068_8437897835675561834_n-150x150.jpg 150w, https:\/\/www.bcestratcomm.hu\/groupone\/wp-content\/uploads\/sites\/15\/2022\/11\/277308031_2012100478991068_8437897835675561834_n-768x768.jpg 768w, https:\/\/www.bcestratcomm.hu\/groupone\/wp-content\/uploads\/sites\/15\/2022\/11\/277308031_2012100478991068_8437897835675561834_n-1536x1536.jpg 1536w, https:\/\/www.bcestratcomm.hu\/groupone\/wp-content\/uploads\/sites\/15\/2022\/11\/277308031_2012100478991068_8437897835675561834_n.jpg 1680w\" sizes=\"(max-width: 1024px) 100vw, 1024px\" \/>\n\t\t\t<\/div><\/figure><figure class='gallery-item'>\n\t\t\t<div class='gallery-icon landscape'>\n\t\t\t\t<img loading=\"lazy\" decoding=\"async\" width=\"1024\" height=\"1024\" src=\"https:\/\/www.bcestratcomm.hu\/groupone\/wp-content\/uploads\/sites\/15\/2022\/11\/255253315_1908645399336577_7120371401410311910_n-e1669974383996-1024x1024.jpg\" class=\"attachment-large size-large\" alt=\"\" srcset=\"https:\/\/www.bcestratcomm.hu\/groupone\/wp-content\/uploads\/sites\/15\/2022\/11\/255253315_1908645399336577_7120371401410311910_n-e1669974383996-1024x1024.jpg 1024w, https:\/\/www.bcestratcomm.hu\/groupone\/wp-content\/uploads\/sites\/15\/2022\/11\/255253315_1908645399336577_7120371401410311910_n-e1669974383996-300x300.jpg 300w, https:\/\/www.bcestratcomm.hu\/groupone\/wp-content\/uploads\/sites\/15\/2022\/11\/255253315_1908645399336577_7120371401410311910_n-e1669974383996-150x150.jpg 150w, https:\/\/www.bcestratcomm.hu\/groupone\/wp-content\/uploads\/sites\/15\/2022\/11\/255253315_1908645399336577_7120371401410311910_n-e1669974383996-768x768.jpg 768w, https:\/\/www.bcestratcomm.hu\/groupone\/wp-content\/uploads\/sites\/15\/2022\/11\/255253315_1908645399336577_7120371401410311910_n-e1669974383996-100x100.jpg 100w, https:\/\/www.bcestratcomm.hu\/groupone\/wp-content\/uploads\/sites\/15\/2022\/11\/255253315_1908645399336577_7120371401410311910_n-e1669974383996-600x600.jpg 600w, https:\/\/www.bcestratcomm.hu\/groupone\/wp-content\/uploads\/sites\/15\/2022\/11\/255253315_1908645399336577_7120371401410311910_n-e1669974383996.jpg 1117w\" sizes=\"(max-width: 1024px) 100vw, 1024px\" \/>\n\t\t\t<\/div><\/figure>\n\t\t<\/div>\n\t\t<\/div>\n\t\t\t\t\t\t<\/div>\n\t\t\t\t<\/div>\n\t\t\t\t\t<\/div>\n\t\t<\/div>\n\t\t\t\t\t<\/div>\n\t\t<\/section>\n\t\t\t\t<\/div>\n\t\t","protected":false},"excerpt":{"rendered":"<p>Contact In case if you have any questions, requests or recommendations for the future, please contact us through one of our channels that you can find below. Speak to Us Call: (1) 798 9246 General enquiry: winners.sportpub2019@gmail.com Reserve tables: just call us or you can do it personally Follow Us Instagram Facebook Location Erzs\u00e9bet k\u00f6r\u00fat [&hellip;]<\/p>\n","protected":false},"author":1,"featured_media":0,"parent":0,"menu_order":0,"comment_status":"closed","ping_status":"closed","template":"","meta":{"site-sidebar-layout":"no-sidebar","site-content-layout":"page-builder","ast-site-content-layout":"default","site-content-style":"default","site-sidebar-style":"default","ast-global-header-display":"","ast-banner-title-visibility":"","ast-main-header-display":"","ast-hfb-above-header-display":"","ast-hfb-below-header-display":"","ast-hfb-mobile-header-display":"","site-post-title":"disabled","ast-breadcrumbs-content":"disabled","ast-featured-img":"disabled","footer-sml-layout":"","theme-transparent-header-meta":"enabled","adv-header-id-meta":"","stick-header-meta":"","header-above-stick-meta":"","header-main-stick-meta":"","header-below-stick-meta":"","astra-migrate-meta-layouts":"default","ast-page-background-enabled":"default","ast-page-background-meta":{"desktop":{"background-color":"","background-image":"","background-repeat":"repeat","background-position":"center center","background-size":"auto","background-attachment":"scroll","background-type":"","background-media":"","overlay-type":"","overlay-color":"","overlay-opacity":"","overlay-gradient":""},"tablet":{"background-color":"","background-image":"","background-repeat":"repeat","background-position":"center center","background-size":"auto","background-attachment":"scroll","background-type":"","background-media":"","overlay-type":"","overlay-color":"","overlay-opacity":"","overlay-gradient":""},"mobile":{"background-color":"","background-image":"","background-repeat":"repeat","background-position":"center center","background-size":"auto","background-attachment":"scroll","background-type":"","background-media":"","overlay-type":"","overlay-color":"","overlay-opacity":"","overlay-gradient":""}},"ast-content-background-meta":{"desktop":{"background-color":"var(--ast-global-color-5)","background-image":"","background-repeat":"repeat","background-position":"center center","background-size":"auto","background-attachment":"scroll","background-type":"","background-media":"","overlay-type":"","overlay-color":"","overlay-opacity":"","overlay-gradient":""},"tablet":{"background-color":"var(--ast-global-color-5)","background-image":"","background-repeat":"repeat","background-position":"center center","background-size":"auto","background-attachment":"scroll","background-type":"","background-media":"","overlay-type":"","overlay-color":"","overlay-opacity":"","overlay-gradient":""},"mobile":{"background-color":"var(--ast-global-color-5)","background-image":"","background-repeat":"repeat","background-position":"center center","background-size":"auto","background-attachment":"scroll","background-type":"","background-media":"","overlay-type":"","overlay-color":"","overlay-opacity":"","overlay-gradient":""}},"footnotes":""},"class_list":["post-891","page","type-page","status-publish","hentry"],"_links":{"self":[{"href":"https:\/\/www.bcestratcomm.hu\/groupone\/wp-json\/wp\/v2\/pages\/891","targetHints":{"allow":["GET"]}}],"collection":[{"href":"https:\/\/www.bcestratcomm.hu\/groupone\/wp-json\/wp\/v2\/pages"}],"about":[{"href":"https:\/\/www.bcestratcomm.hu\/groupone\/wp-json\/wp\/v2\/types\/page"}],"author":[{"embeddable":true,"href":"https:\/\/www.bcestratcomm.hu\/groupone\/wp-json\/wp\/v2\/users\/1"}],"replies":[{"embeddable":true,"href":"https:\/\/www.bcestratcomm.hu\/groupone\/wp-json\/wp\/v2\/comments?post=891"}],"version-history":[{"count":6,"href":"https:\/\/www.bcestratcomm.hu\/groupone\/wp-json\/wp\/v2\/pages\/891\/revisions"}],"predecessor-version":[{"id":1933,"href":"https:\/\/www.bcestratcomm.hu\/groupone\/wp-json\/wp\/v2\/pages\/891\/revisions\/1933"}],"wp:attachment":[{"href":"https:\/\/www.bcestratcomm.hu\/groupone\/wp-json\/wp\/v2\/media?parent=891"}],"curies":[{"name":"wp","href":"https:\/\/api.w.org\/{rel}","templated":true}]}}