{"id":1774,"date":"2024-03-25T19:21:36","date_gmt":"2024-03-25T19:21:36","guid":{"rendered":"https:\/\/www.bcestratcomm.hu\/csekk\/?page_id=1774"},"modified":"2024-05-05T16:49:12","modified_gmt":"2024-05-05T16:49:12","slug":"tomeges-uzleti-levelezes","status":"publish","type":"page","link":"https:\/\/www.bcestratcomm.hu\/csekk\/tomeges-uzleti-levelezes\/","title":{"rendered":"T\u00f6meges \u00fczleti levelez\u00e9s"},"content":{"rendered":"\t\t<div data-elementor-type=\"wp-post\" data-elementor-id=\"1774\" class=\"elementor elementor-1774\" data-elementor-post-type=\"page\">\n\t\t\t\t<div class=\"elementor-element elementor-element-f0b3181 e-flex e-con-boxed elementor-invisible e-con e-parent\" data-id=\"f0b3181\" data-element_type=\"container\" data-settings=\"{&quot;background_background&quot;:&quot;classic&quot;,&quot;animation&quot;:&quot;fadeIn&quot;}\">\n\t\t\t\t\t<div class=\"e-con-inner\">\n\t\t<div class=\"elementor-element elementor-element-b17abf7 e-con-full e-flex e-con e-child\" data-id=\"b17abf7\" data-element_type=\"container\">\n\t\t\t\t<div class=\"elementor-element elementor-element-6878345 elementor-widget elementor-widget-heading\" data-id=\"6878345\" data-element_type=\"widget\" data-widget_type=\"heading.default\">\n\t\t\t\t<div class=\"elementor-widget-container\">\n\t\t\t\t\t<h1 class=\"elementor-heading-title elementor-size-default\">T\u00f6meges \u00fczleti levelez\u00e9s<\/h1>\t\t\t\t<\/div>\n\t\t\t\t<\/div>\n\t\t\t\t<div class=\"elementor-element elementor-element-0ec466c elementor-widget elementor-widget-heading\" data-id=\"0ec466c\" data-element_type=\"widget\" data-widget_type=\"heading.default\">\n\t\t\t\t<div class=\"elementor-widget-container\">\n\t\t\t\t\t<h4 class=\"elementor-heading-title elementor-size-default\">K\u00fcldet\u00e9s\u00fcnk: megfelelni \u00fcgyfeleink maxim\u00e1lis elv\u00e1r\u00e1sainak<\/h4>\t\t\t\t<\/div>\n\t\t\t\t<\/div>\n\t\t\t\t<\/div>\n\t\t\t\t\t<\/div>\n\t\t\t\t<\/div>\n\t\t<div class=\"elementor-element elementor-element-b3cc627 e-flex e-con-boxed e-con e-parent\" data-id=\"b3cc627\" data-element_type=\"container\" data-settings=\"{&quot;background_background&quot;:&quot;gradient&quot;}\">\n\t\t\t\t\t<div class=\"e-con-inner\">\n\t\t<div class=\"elementor-element elementor-element-1041781 e-flex e-con-boxed e-con e-child\" data-id=\"1041781\" data-element_type=\"container\">\n\t\t\t\t\t<div class=\"e-con-inner\">\n\t\t\t\t<div class=\"elementor-element elementor-element-b30a678 elementor-widget elementor-widget-heading\" data-id=\"b30a678\" data-element_type=\"widget\" data-widget_type=\"heading.default\">\n\t\t\t\t<div class=\"elementor-widget-container\">\n\t\t\t\t\t<h2 class=\"elementor-heading-title elementor-size-default\">Miben tudunk seg\u00edteni?<\/h2>\t\t\t\t<\/div>\n\t\t\t\t<\/div>\n\t\t\t\t<div class=\"elementor-element elementor-element-9d98c79 elementor-widget elementor-widget-text-editor\" data-id=\"9d98c79\" data-element_type=\"widget\" data-widget_type=\"text-editor.default\">\n\t\t\t\t<div class=\"elementor-widget-container\">\n\t\t\t\t\t\t\t\t\t<p>Egyik f\u0151 ter\u00fclet\u00fcnk a t\u00f6meges lev\u00e9lpostai \u00e9s rekl\u00e1m k\u00fcldem\u00e9nyek ( direkt marketing k\u00fcldem\u00e9nyek ) el\u0151\u00e1ll\u00edt\u00e1sa. Alapvet\u0151leg ez k\u00e9t ter\u00fcletet \u00e9rint a szem\u00e9lyes adatokat tartalmaz\u00f3 \u00fagynevezett tranzakci\u00f3s leveleket ( sz\u00e1ml\u00e1k, \u00e9rtes\u00edt\u0151k, egyenlegk\u00f6zl\u0151k, csekkek, postai sz\u00e1mlabefizet\u00e9si megb\u00edz\u00e1sok, egyedi \u00fcgyf\u00e9llevelez\u00e9st ), illetve a nagy t\u00f6meg\u0171 rekl\u00e1mk\u00fcldem\u00e9nyeket (dm levelek, kiadv\u00e1nyok, term\u00e9kmin\u00e1k, stb\u2026 ).<\/p><p>R\u00f6vid hat\u00e1rid\u0151vel v\u00e1llalunk bor\u00edt\u00e9kol\u00e1st, g\u00e9pi b\u00e9rcsomagol\u00e1st, tasak nyomtat\u00e1st, etikettez\u00e9st, matric\u00e1z\u00e1st, k\u00fcldem\u00e9nyek postai el\u0151k\u00e9sz\u00edt\u00e9s\u00e9t.<\/p><p>C\u00e9g\u00fcnk k\u00f6zel 20 \u00e9ve van jelen a k\u00fcldem\u00e9ny-el\u0151\u00e1ll\u00edt\u00e1s \u00e9s bor\u00edt\u00e9kol\u00e1si piacon. Mind k\u00e9zi mind g\u00e9pi bor\u00edt\u00e9kol\u00e1ssal hat\u00e9konyan tudjuk kiel\u00e9g\u00edteni \u00fcgyfeleink ig\u00e9nyeit.<\/p><p>A megszem\u00e9lyes\u00edt\u00e9s sor\u00e1n lehet\u0151s\u00e9g van a bor\u00edt\u00e9kok, etikettek, postai k\u00fcldem\u00e9nyek szem\u00e9lyre szab\u00e1s\u00e1ra, direkt c\u00edmz\u00e9s\u00e9re. A perszonaliz\u00e1lt nyomtat\u00e1s (v\u00e1ltoz\u00f3 adat nyomtat\u00e1s) az \u00fcgyf\u00e9l \u00e1ltal \u00e1tadott adatb\u00e1zis alapj\u00e1n t\u00f6rt\u00e9nik, az adatv\u00e9delmi szab\u00e1lyoknak maxim\u00e1lisan eleget t\u00e9ve.<\/p><p>Bor\u00edt\u00e9kol\u00f3 g\u00e9peinkkel b\u00e1rmilyen fajta bor\u00edt\u00e9kol\u00e1si munk\u00e1t el tudunk v\u00e1llalni, mindehhez rendk\u00edv\u00fcl r\u00f6vid hat\u00e1rid\u0151t \u00e9s versenyk\u00e9pes \u00e1rakat aj\u00e1nlunk. Term\u00e9szetesen az \u00e1rak nagyban f\u00fcggnek a megrendelt mennyis\u00e9gt\u0151l \u00e9s a bor\u00edt\u00e9k fajt\u00e1j\u00e1t\u00f3l, valamint a s\u00fcrg\u0151ss\u00e9gi t\u00e9nyez\u0151t\u0151l is. A bor\u00edt\u00e9kokba \u00e1ltal\u00e1ban 8 darab insertet (tagot) tudunk belehelyezni. Jelen kapacit\u00e1sunkkal ak\u00e1r napi 100\u00a0000 darabos mennyis\u00e9get is tudunk bor\u00edt\u00e9kolni a hagyom\u00e1nyos g\u00e9pi t\u00f6lt\u00e9s\u0171 bor\u00edt\u00e9kokba (C6, C6\/C5, C5, C4).<\/p><h3>\u00dcgyfeleink r\u00e9sz\u00e9re az al\u00e1bbi komplett szolg\u00e1ltat\u00e1st tudjuk ny\u00fajtani:<\/h3><ul><li>bor\u00edt\u00e9kok beszerz\u00e9se, gy\u00e1rt\u00e1sa, fekete-feh\u00e9r vagy sz\u00ednes nyomtat\u00e1sa,<\/li><li>bor\u00edt\u00e9kba ker\u00fcl\u0151 kiadv\u00e1nyok, levelek komplett el\u0151\u00e1ll\u00edt\u00e1sa,<\/li><li>bor\u00edt\u00e9kok perszonaliz\u00e1l\u00e1sa (direkt c\u00edmz\u00e9se, v\u00e1ltoz\u00f3 adat nyomtat\u00e1sa, pl. postai aj\u00e1nlott ragsz\u00e1m),<\/li><li>bor\u00edt\u00e9kba ker\u00fcl\u0151 levelek, csekkek v\u00e1ltoz\u00f3 adattal t\u00f6rt\u00e9n\u0151 megszem\u00e9lyes\u00edt\u00e9se, perszonaliz\u00e1l\u00e1sa,<\/li><li>bor\u00edt\u00e9kol\u00e1s g\u00e9ppel, k\u00e9zzel, bor\u00edt\u00e9k lez\u00e1r\u00e1s,<\/li><li>k\u00e9sz k\u00fcldem\u00e9nyek rendszerez\u00e9se, postai felad\u00e1sra t\u00f6rt\u00e9n\u0151 felk\u00e9sz\u00edt\u00e9se,<\/li><li>postai felad\u00f3jegyz\u00e9kek k\u00e9sz\u00edt\u00e9se, elektronikus \u00e1tad\u00e1sa a Magyar Posta Zrt. r\u00e9sz\u00e9re,<\/li><li>postai k\u00fcldem\u00e9nyek sz\u00e1ll\u00edt\u00e1sa az \u00fcgyf\u00e9l \u00e1ltal megadott postai felad\u00f3helyre,<\/li><li>k\u00fcldem\u00e9nyek ut\u00f3kezel\u00e9se, postafi\u00f3k biztos\u00edt\u00e1s\u00e1val \u2013 statisztik\u00e1k k\u00e9sz\u00edt\u00e9se,<\/li><li>postai konszolid\u00e1tork\u00e9nt k\u00e9zbes\u00edt\u00e9s<\/li><\/ul><p>Az adatok \u00e1raml\u00e1s\u00e1t saj\u00e1t biztons\u00e1gos sftp szerverre t\u00f6rt\u00e9n\u0151 \u00e1tad\u00e1ssal kezelj\u00fck.<\/p><p>Legt\u00f6bb alapvet\u0151 gy\u00e1rt\u00e1sra ker\u00fcl\u0151 alapanyagokb\u00f3l folyamatos k\u00e9szletet tartunk, ez\u00e1ltal a gyorsan be\u00e9rkez\u0151 s\u00fcrg\u0151s munk\u00e1kat nagy hat\u00e9konys\u00e1ggal, ak\u00e1r 1-2 napon bel\u00fcl is gy\u00e1rt\u00e1sba rakjuk, \u00e9s elv\u00e9gezz\u00fck.<\/p>\t\t\t\t\t\t\t\t<\/div>\n\t\t\t\t<\/div>\n\t\t\t\t\t<\/div>\n\t\t\t\t<\/div>\n\t\t\t\t\t<\/div>\n\t\t\t\t<\/div>\n\t\t<div class=\"elementor-element elementor-element-8e8e58c e-con-full e-flex e-con e-parent\" data-id=\"8e8e58c\" data-element_type=\"container\">\n\t\t<div class=\"elementor-element elementor-element-a493308 e-con-full e-flex e-con e-child\" data-id=\"a493308\" data-element_type=\"container\" data-settings=\"{&quot;background_background&quot;:&quot;classic&quot;}\">\n\t\t\t\t<div class=\"elementor-element elementor-element-b09f05b elementor-button-align-stretch elementor-widget elementor-widget-form\" data-id=\"b09f05b\" data-element_type=\"widget\" data-settings=\"{&quot;step_next_label&quot;:&quot;Next&quot;,&quot;step_previous_label&quot;:&quot;Previous&quot;,&quot;button_width&quot;:&quot;100&quot;,&quot;step_type&quot;:&quot;number_text&quot;,&quot;step_icon_shape&quot;:&quot;circle&quot;}\" data-widget_type=\"form.default\">\n\t\t\t\t<div class=\"elementor-widget-container\">\n\t\t\t\t\t\t\t<form class=\"elementor-form\" method=\"post\" name=\"New Form\" aria-label=\"New Form\">\n\t\t\t<input type=\"hidden\" name=\"post_id\" value=\"1774\"\/>\n\t\t\t<input type=\"hidden\" name=\"form_id\" value=\"b09f05b\"\/>\n\t\t\t<input type=\"hidden\" name=\"referer_title\" value=\"T\u00f6meges \u00fczleti levelez\u00e9s\" \/>\n\n\t\t\t\t\t\t\t<input type=\"hidden\" name=\"queried_id\" value=\"1774\"\/>\n\t\t\t\n\t\t\t<div class=\"elementor-form-fields-wrapper elementor-labels-above\">\n\t\t\t\t\t\t\t\t<div class=\"elementor-field-type-text elementor-field-group elementor-column elementor-field-group-name elementor-col-100\">\n\t\t\t\t\t\t\t\t\t\t\t\t\t<input size=\"1\" type=\"text\" name=\"form_fields[name]\" id=\"form-field-name\" class=\"elementor-field elementor-size-sm  elementor-field-textual\" placeholder=\"N\u00e9v\">\n\t\t\t\t\t\t\t\t\t\t\t<\/div>\n\t\t\t\t\t\t\t\t<div class=\"elementor-field-type-email elementor-field-group elementor-column elementor-field-group-email elementor-col-100 elementor-field-required\">\n\t\t\t\t\t\t\t\t\t\t\t\t\t<input size=\"1\" type=\"email\" name=\"form_fields[email]\" id=\"form-field-email\" class=\"elementor-field elementor-size-sm  elementor-field-textual\" placeholder=\"Email\" required=\"required\">\n\t\t\t\t\t\t\t\t\t\t\t<\/div>\n\t\t\t\t\t\t\t\t<div class=\"elementor-field-type-textarea elementor-field-group elementor-column elementor-field-group-message elementor-col-100\">\n\t\t\t\t\t<textarea class=\"elementor-field-textual elementor-field  elementor-size-sm\" name=\"form_fields[message]\" id=\"form-field-message\" rows=\"4\" placeholder=\"\u00dczenet\"><\/textarea>\t\t\t\t<\/div>\n\t\t\t\t\t\t\t\t<div class=\"elementor-field-group elementor-column elementor-field-type-submit elementor-col-100 e-form__buttons\">\n\t\t\t\t\t<button class=\"elementor-button elementor-size-sm\" type=\"submit\">\n\t\t\t\t\t\t<span class=\"elementor-button-content-wrapper\">\n\t\t\t\t\t\t\t\t\t\t\t\t\t\t\t\t\t\t\t\t\t\t<span class=\"elementor-button-text\">Send<\/span>\n\t\t\t\t\t\t\t\t\t\t\t\t\t<\/span>\n\t\t\t\t\t<\/button>\n\t\t\t\t<\/div>\n\t\t\t<\/div>\n\t\t<\/form>\n\t\t\t\t\t\t<\/div>\n\t\t\t\t<\/div>\n\t\t\t\t<div class=\"elementor-element elementor-element-175d9a7 elementor-widget elementor-widget-spacer\" data-id=\"175d9a7\" data-element_type=\"widget\" data-widget_type=\"spacer.default\">\n\t\t\t\t<div class=\"elementor-widget-container\">\n\t\t\t\t\t\t\t<div class=\"elementor-spacer\">\n\t\t\t<div class=\"elementor-spacer-inner\"><\/div>\n\t\t<\/div>\n\t\t\t\t\t\t<\/div>\n\t\t\t\t<\/div>\n\t\t\t\t<\/div>\n\t\t<div class=\"elementor-element elementor-element-bdfab81 e-con-full e-flex e-con e-child\" data-id=\"bdfab81\" data-element_type=\"container\" data-settings=\"{&quot;background_background&quot;:&quot;classic&quot;}\">\n\t\t\t\t<div class=\"elementor-element elementor-element-ee3fca8 elementor-widget elementor-widget-heading\" data-id=\"ee3fca8\" data-element_type=\"widget\" data-widget_type=\"heading.default\">\n\t\t\t\t<div class=\"elementor-widget-container\">\n\t\t\t\t\t<h2 class=\"elementor-heading-title elementor-size-default\">Inform\u00e1ci\u00f3k, kapcsolat<\/h2>\t\t\t\t<\/div>\n\t\t\t\t<\/div>\n\t\t\t\t<div class=\"elementor-element elementor-element-f31709b elementor-widget elementor-widget-text-editor\" data-id=\"f31709b\" data-element_type=\"widget\" data-widget_type=\"text-editor.default\">\n\t\t\t\t<div class=\"elementor-widget-container\">\n\t\t\t\t\t\t\t\t\t<p>Az \u00e1raj\u00e1nlat k\u00e9r\u00e9st, illetve a gy\u00e1rt\u00e1st t\u00f6bbf\u00e9le m\u00f3don is megrendelheti \u00edr\u00e1sban melyek a k\u00f6vetkez\u0151k:<\/p><p>e-mailben: <a href=\"mailto:ajanlat@mbert.hu\">ajanlat@mbert.hu<\/a><br \/>faxon: +36 1 238 0875<\/p><p>Vagy t\u00f6ltse ki a kapcsolati \u0171rlapunkat! Keressen benn\u00fcnket \u00e9s k\u00e9rje egyedi aj\u00e1nlatunkat.<\/p>\t\t\t\t\t\t\t\t<\/div>\n\t\t\t\t<\/div>\n\t\t\t\t<div class=\"elementor-element elementor-element-4adca80 elementor-widget elementor-widget-image\" data-id=\"4adca80\" data-element_type=\"widget\" data-widget_type=\"image.default\">\n\t\t\t\t<div class=\"elementor-widget-container\">\n\t\t\t\t\t\t\t\t\t\t\t\t\t\t\t<img fetchpriority=\"high\" decoding=\"async\" width=\"1024\" height=\"638\" src=\"https:\/\/www.bcestratcomm.hu\/csekk\/wp-content\/uploads\/sites\/38\/2024\/03\/Untitled-design-17-1024x638.png\" class=\"attachment-large size-large wp-image-1748\" alt=\"\" srcset=\"https:\/\/www.bcestratcomm.hu\/csekk\/wp-content\/uploads\/sites\/38\/2024\/03\/Untitled-design-17-1024x638.png 1024w, https:\/\/www.bcestratcomm.hu\/csekk\/wp-content\/uploads\/sites\/38\/2024\/03\/Untitled-design-17-300x187.png 300w, https:\/\/www.bcestratcomm.hu\/csekk\/wp-content\/uploads\/sites\/38\/2024\/03\/Untitled-design-17-768x478.png 768w, https:\/\/www.bcestratcomm.hu\/csekk\/wp-content\/uploads\/sites\/38\/2024\/03\/Untitled-design-17-600x374.png 600w, https:\/\/www.bcestratcomm.hu\/csekk\/wp-content\/uploads\/sites\/38\/2024\/03\/Untitled-design-17.png 1220w\" sizes=\"(max-width: 1024px) 100vw, 1024px\" \/>\t\t\t\t\t\t\t\t\t\t\t\t\t\t\t<\/div>\n\t\t\t\t<\/div>\n\t\t\t\t<\/div>\n\t\t\t\t<\/div>\n\t\t<div class=\"elementor-element elementor-element-47fbd4d e-flex e-con-boxed e-con e-parent\" data-id=\"47fbd4d\" data-element_type=\"container\" data-settings=\"{&quot;background_background&quot;:&quot;classic&quot;}\">\n\t\t\t\t\t<div class=\"e-con-inner\">\n\t\t<div class=\"elementor-element elementor-element-6af593a e-con-full e-flex e-con e-child\" data-id=\"6af593a\" data-element_type=\"container\">\n\t\t\t\t<div class=\"elementor-element elementor-element-240a4c1 elementor-widget elementor-widget-heading\" data-id=\"240a4c1\" data-element_type=\"widget\" data-widget_type=\"heading.default\">\n\t\t\t\t<div class=\"elementor-widget-container\">\n\t\t\t\t\t<h4 class=\"elementor-heading-title elementor-size-default\">R\u00f3lunk<\/h4>\t\t\t\t<\/div>\n\t\t\t\t<\/div>\n\t\t\t\t<div class=\"elementor-element elementor-element-1595c8b elementor-widget elementor-widget-text-editor\" data-id=\"1595c8b\" data-element_type=\"widget\" data-widget_type=\"text-editor.default\">\n\t\t\t\t<div class=\"elementor-widget-container\">\n\t\t\t\t\t\t\t\t\t<p>20 \u00e9ve foglalkozunk komplett k\u00fcldem\u00e9ny el\u0151\u00e1ll\u00edt\u00e1ssal<\/p>\t\t\t\t\t\t\t\t<\/div>\n\t\t\t\t<\/div>\n\t\t\t\t<\/div>\n\t\t<div class=\"elementor-element elementor-element-81e3d36 e-con-full e-flex e-con e-child\" data-id=\"81e3d36\" data-element_type=\"container\">\n\t\t\t\t<div class=\"elementor-element elementor-element-51c7678 elementor-widget__width-auto elementor-widget elementor-widget-counter\" data-id=\"51c7678\" data-element_type=\"widget\" data-widget_type=\"counter.default\">\n\t\t\t\t<div class=\"elementor-widget-container\">\n\t\t\t\t\t\t\t<div class=\"elementor-counter\">\n\t\t\t\t\t\t<div class=\"elementor-counter-number-wrapper\">\n\t\t\t\t<span class=\"elementor-counter-number-prefix\"><\/span>\n\t\t\t\t<span class=\"elementor-counter-number\" data-duration=\"2000\" data-to-value=\"8400\" data-from-value=\"1\" data-delimiter=\",\">1<\/span>\n\t\t\t\t<span class=\"elementor-counter-number-suffix\"><\/span>\n\t\t\t<\/div>\n\t\t<\/div>\n\t\t\t\t\t\t<\/div>\n\t\t\t\t<\/div>\n\t\t\t\t<div class=\"elementor-element elementor-element-cab3723 elementor-widget__width-initial elementor-widget elementor-widget-heading\" data-id=\"cab3723\" data-element_type=\"widget\" data-widget_type=\"heading.default\">\n\t\t\t\t<div class=\"elementor-widget-container\">\n\t\t\t\t\t<h6 class=\"elementor-heading-title elementor-size-default\">El\u00e9gedett \u00fcgyf\u00e9l<\/h6>\t\t\t\t<\/div>\n\t\t\t\t<\/div>\n\t\t\t\t<\/div>\n\t\t<div class=\"elementor-element elementor-element-35a4e35 e-con-full e-flex e-con e-child\" data-id=\"35a4e35\" data-element_type=\"container\">\n\t\t\t\t<div class=\"elementor-element elementor-element-a62a1cb elementor-widget__width-auto elementor-widget elementor-widget-counter\" data-id=\"a62a1cb\" data-element_type=\"widget\" data-widget_type=\"counter.default\">\n\t\t\t\t<div class=\"elementor-widget-container\">\n\t\t\t\t\t\t\t<div class=\"elementor-counter\">\n\t\t\t\t\t\t<div class=\"elementor-counter-number-wrapper\">\n\t\t\t\t<span class=\"elementor-counter-number-prefix\"><\/span>\n\t\t\t\t<span class=\"elementor-counter-number\" data-duration=\"2000\" data-to-value=\"18920\" data-from-value=\"100\" data-delimiter=\",\">100<\/span>\n\t\t\t\t<span class=\"elementor-counter-number-suffix\"><\/span>\n\t\t\t<\/div>\n\t\t<\/div>\n\t\t\t\t\t\t<\/div>\n\t\t\t\t<\/div>\n\t\t\t\t<div class=\"elementor-element elementor-element-e2cdbce elementor-widget__width-initial elementor-widget elementor-widget-heading\" data-id=\"e2cdbce\" data-element_type=\"widget\" data-widget_type=\"heading.default\">\n\t\t\t\t<div class=\"elementor-widget-container\">\n\t\t\t\t\t<h6 class=\"elementor-heading-title elementor-size-default\">Projekt<\/h6>\t\t\t\t<\/div>\n\t\t\t\t<\/div>\n\t\t\t\t<\/div>\n\t\t<div class=\"elementor-element elementor-element-a9090bd e-con-full e-flex e-con e-child\" data-id=\"a9090bd\" data-element_type=\"container\">\n\t\t\t\t<div class=\"elementor-element elementor-element-35390cf elementor-widget__width-initial elementor-widget elementor-widget-counter\" data-id=\"35390cf\" data-element_type=\"widget\" data-widget_type=\"counter.default\">\n\t\t\t\t<div class=\"elementor-widget-container\">\n\t\t\t\t\t\t\t<div class=\"elementor-counter\">\n\t\t\t\t\t\t<div class=\"elementor-counter-number-wrapper\">\n\t\t\t\t<span class=\"elementor-counter-number-prefix\"><\/span>\n\t\t\t\t<span class=\"elementor-counter-number\" data-duration=\"2000\" data-to-value=\"48\" data-from-value=\"1\" data-delimiter=\",\">1<\/span>\n\t\t\t\t<span class=\"elementor-counter-number-suffix\"> milli\u00f3<\/span>\n\t\t\t<\/div>\n\t\t<\/div>\n\t\t\t\t\t\t<\/div>\n\t\t\t\t<\/div>\n\t\t\t\t<div class=\"elementor-element elementor-element-45abf3b elementor-widget__width-initial elementor-widget elementor-widget-heading\" data-id=\"45abf3b\" data-element_type=\"widget\" data-widget_type=\"heading.default\">\n\t\t\t\t<div class=\"elementor-widget-container\">\n\t\t\t\t\t<h6 class=\"elementor-heading-title elementor-size-default\">Kinyomtatott anyag<\/h6>\t\t\t\t<\/div>\n\t\t\t\t<\/div>\n\t\t\t\t<\/div>\n\t\t\t\t\t<\/div>\n\t\t\t\t<\/div>\n\t\t<div class=\"elementor-element elementor-element-3c7b9e4 e-flex e-con-boxed e-con e-parent\" data-id=\"3c7b9e4\" data-element_type=\"container\" data-settings=\"{&quot;background_background&quot;:&quot;classic&quot;}\">\n\t\t\t\t\t<div class=\"e-con-inner\">\n\t\t<div class=\"elementor-element elementor-element-7b0b241 e-con-full e-flex e-con e-child\" data-id=\"7b0b241\" data-element_type=\"container\" data-settings=\"{&quot;background_background&quot;:&quot;classic&quot;}\">\n\t\t<div class=\"elementor-element elementor-element-20b46ff e-con-full e-flex e-con e-child\" data-id=\"20b46ff\" data-element_type=\"container\">\n\t\t\t\t<div class=\"elementor-element elementor-element-5ff7c3b elementor-widget elementor-widget-heading\" data-id=\"5ff7c3b\" data-element_type=\"widget\" data-widget_type=\"heading.default\">\n\t\t\t\t<div class=\"elementor-widget-container\">\n\t\t\t\t\t<h3 class=\"elementor-heading-title elementor-size-default\">Szeretne egy\u00fcttm\u0171k\u00f6dni vel\u00fcnk?<\/h3>\t\t\t\t<\/div>\n\t\t\t\t<\/div>\n\t\t\t\t<div class=\"elementor-element elementor-element-6b625e2 elementor-widget elementor-widget-text-editor\" data-id=\"6b625e2\" data-element_type=\"widget\" data-widget_type=\"text-editor.default\">\n\t\t\t\t<div class=\"elementor-widget-container\">\n\t\t\t\t\t\t\t\t\tAmennyiben b\u00e1rmilyen k\u00e9rd\u00e9se mer\u00fcl fel, kolleg\u00e1ink k\u00e9szs\u00e9ggel \u00e1llnak a rendelkez\u00e9s\u00e9re az al\u00e1bbi el\u00e9rhet\u0151s\u00e9gen telefonon: +36 1\u00a0238 0874\t\t\t\t\t\t\t\t<\/div>\n\t\t\t\t<\/div>\n\t\t\t\t<\/div>\n\t\t<div class=\"elementor-element elementor-element-efce9db e-con-full e-flex e-con e-child\" data-id=\"efce9db\" data-element_type=\"container\">\n\t\t\t\t<div class=\"elementor-element elementor-element-1f62f93 elementor-align-right elementor-tablet-align-center elementor-widget elementor-widget-button\" data-id=\"1f62f93\" data-element_type=\"widget\" data-widget_type=\"button.default\">\n\t\t\t\t<div class=\"elementor-widget-container\">\n\t\t\t\t\t\t\t\t\t<div class=\"elementor-button-wrapper\">\n\t\t\t\t\t<a class=\"elementor-button elementor-button-link elementor-size-sm\" href=\"https:\/\/www.bcestratcomm.hu\/csekk\/kapcsolat\/\">\n\t\t\t\t\t\t<span class=\"elementor-button-content-wrapper\">\n\t\t\t\t\t\t\t\t\t<span class=\"elementor-button-text\">KAPCSOLAT<\/span>\n\t\t\t\t\t<\/span>\n\t\t\t\t\t<\/a>\n\t\t\t\t<\/div>\n\t\t\t\t\t\t\t\t<\/div>\n\t\t\t\t<\/div>\n\t\t\t\t<\/div>\n\t\t\t\t<\/div>\n\t\t\t\t\t<\/div>\n\t\t\t\t<\/div>\n\t\t\t\t<\/div>\n\t\t","protected":false},"excerpt":{"rendered":"<p>T\u00f6meges \u00fczleti levelez\u00e9s K\u00fcldet\u00e9s\u00fcnk: megfelelni \u00fcgyfeleink maxim\u00e1lis elv\u00e1r\u00e1sainak Miben tudunk seg\u00edteni? Egyik f\u0151 ter\u00fclet\u00fcnk a t\u00f6meges lev\u00e9lpostai \u00e9s rekl\u00e1m k\u00fcldem\u00e9nyek ( direkt marketing k\u00fcldem\u00e9nyek ) el\u0151\u00e1ll\u00edt\u00e1sa. Alapvet\u0151leg ez k\u00e9t ter\u00fcletet \u00e9rint a szem\u00e9lyes adatokat tartalmaz\u00f3 \u00fagynevezett tranzakci\u00f3s leveleket ( sz\u00e1ml\u00e1k, \u00e9rtes\u00edt\u0151k, egyenlegk\u00f6zl\u0151k, csekkek, postai sz\u00e1mlabefizet\u00e9si megb\u00edz\u00e1sok, egyedi \u00fcgyf\u00e9llevelez\u00e9st ), illetve a nagy t\u00f6meg\u0171 rekl\u00e1mk\u00fcldem\u00e9nyeket (dm [&hellip;]<\/p>\n","protected":false},"author":1,"featured_media":0,"parent":0,"menu_order":0,"comment_status":"closed","ping_status":"closed","template":"","meta":{"site-sidebar-layout":"no-sidebar","site-content-layout":"page-builder","ast-site-content-layout":"full-width-container","site-content-style":"unboxed","site-sidebar-style":"unboxed","ast-global-header-display":"","ast-banner-title-visibility":"","ast-main-header-display":"","ast-hfb-above-header-display":"","ast-hfb-below-header-display":"","ast-hfb-mobile-header-display":"","site-post-title":"disabled","ast-breadcrumbs-content":"","ast-featured-img":"disabled","footer-sml-layout":"","theme-transparent-header-meta":"enabled","adv-header-id-meta":"","stick-header-meta":"","header-above-stick-meta":"","header-main-stick-meta":"","header-below-stick-meta":"","astra-migrate-meta-layouts":"set","ast-page-background-enabled":"default","ast-page-background-meta":{"desktop":{"background-color":"","background-image":"","background-repeat":"repeat","background-position":"center center","background-size":"auto","background-attachment":"scroll","background-type":"","background-media":"","overlay-type":"","overlay-color":"","overlay-opacity":"","overlay-gradient":""},"tablet":{"background-color":"","background-image":"","background-repeat":"repeat","background-position":"center center","background-size":"auto","background-attachment":"scroll","background-type":"","background-media":"","overlay-type":"","overlay-color":"","overlay-opacity":"","overlay-gradient":""},"mobile":{"background-color":"","background-image":"","background-repeat":"repeat","background-position":"center center","background-size":"auto","background-attachment":"scroll","background-type":"","background-media":"","overlay-type":"","overlay-color":"","overlay-opacity":"","overlay-gradient":""}},"ast-content-background-meta":{"desktop":{"background-color":"var(--ast-global-color-5)","background-image":"","background-repeat":"repeat","background-position":"center center","background-size":"auto","background-attachment":"scroll","background-type":"","background-media":"","overlay-type":"","overlay-color":"","overlay-opacity":"","overlay-gradient":""},"tablet":{"background-color":"var(--ast-global-color-5)","background-image":"","background-repeat":"repeat","background-position":"center center","background-size":"auto","background-attachment":"scroll","background-type":"","background-media":"","overlay-type":"","overlay-color":"","overlay-opacity":"","overlay-gradient":""},"mobile":{"background-color":"var(--ast-global-color-5)","background-image":"","background-repeat":"repeat","background-position":"center center","background-size":"auto","background-attachment":"scroll","background-type":"","background-media":"","overlay-type":"","overlay-color":"","overlay-opacity":"","overlay-gradient":""}},"footnotes":""},"class_list":["post-1774","page","type-page","status-publish","hentry"],"_links":{"self":[{"href":"https:\/\/www.bcestratcomm.hu\/csekk\/wp-json\/wp\/v2\/pages\/1774","targetHints":{"allow":["GET"]}}],"collection":[{"href":"https:\/\/www.bcestratcomm.hu\/csekk\/wp-json\/wp\/v2\/pages"}],"about":[{"href":"https:\/\/www.bcestratcomm.hu\/csekk\/wp-json\/wp\/v2\/types\/page"}],"author":[{"embeddable":true,"href":"https:\/\/www.bcestratcomm.hu\/csekk\/wp-json\/wp\/v2\/users\/1"}],"replies":[{"embeddable":true,"href":"https:\/\/www.bcestratcomm.hu\/csekk\/wp-json\/wp\/v2\/comments?post=1774"}],"version-history":[{"count":6,"href":"https:\/\/www.bcestratcomm.hu\/csekk\/wp-json\/wp\/v2\/pages\/1774\/revisions"}],"predecessor-version":[{"id":1839,"href":"https:\/\/www.bcestratcomm.hu\/csekk\/wp-json\/wp\/v2\/pages\/1774\/revisions\/1839"}],"wp:attachment":[{"href":"https:\/\/www.bcestratcomm.hu\/csekk\/wp-json\/wp\/v2\/media?parent=1774"}],"curies":[{"name":"wp","href":"https:\/\/api.w.org\/{rel}","templated":true}]}}