{"id":1769,"date":"2024-03-25T19:20:38","date_gmt":"2024-03-25T19:20:38","guid":{"rendered":"https:\/\/www.bcestratcomm.hu\/csekk\/?page_id=1769"},"modified":"2024-03-25T19:21:09","modified_gmt":"2024-03-25T19:21:09","slug":"technikai-informaciok","status":"publish","type":"page","link":"https:\/\/www.bcestratcomm.hu\/csekk\/technikai-informaciok\/","title":{"rendered":"Technikai inform\u00e1ci\u00f3k"},"content":{"rendered":"<h1>Technikai inform\u00e1ci\u00f3k a csekk kit\u00f6lt\u00e9s\u00e9hez<\/h1>\n<p>\u00dcgyfeleink legt\u00f6bb k\u00e9rd\u00e9se a megjel\u00f6lend\u0151 OC \u00e9s TC k\u00f3dokhoz kapcsol\u00f3dik, ez\u00e9rt a k\u00f3dokhoz adunk egy kis magyar\u00e1zatot (kivonat a Magyar Posta ZRt. T\u00e1j\u00e9koztat\u00f3j\u00e1b\u00f3l):<\/p>\n<p><strong>OC Output (kimenet) k\u00f3d<\/strong> (A Posta \u00e1ltal a Sz\u00e1mlatulajdonos r\u00e9sz\u00e9re a tranzakci\u00f3r\u00f3l biztos\u00edtand\u00f3 inform\u00e1ci\u00f3 tartalm\u00e1t \u00e9s form\u00e1j\u00e1t hat\u00e1rozza meg)<\/p>\n<p>&#8211; 21 = a g\u00e9ppel feldolgozott bizonylat eredeti nagys\u00e1gban nyomtatott k\u00e9pe (m\u00e1solata)<\/p>\n<p>&#8211; 31 = a feldolgoz\u00e1sb\u00f3l nyert adatokat adathordoz\u00f3n vagy list\u00e1ba foglalva egy\u00e9b mell\u00e9klet (bizonylat, annak k\u00e9pe) n\u00e9lk\u00fcl adja \u00e1t a PEK (Magyar Posta Rt. Elsz\u00e1mol\u00f3 K\u00f6zpont). A 31 k\u00f3d eset\u00e9n a PEK enged\u00e9lye sz\u00fcks\u00e9ges, emiatt a legy\u00e1rt\u00e1st enged\u00e9lyez\u00e9si folyamat el\u0151zi meg.<\/p>\n<p>&#8211; 32 =\u00a0 a feldolgoz\u00e1sb\u00f3l nyert adatok \u00e9s bizonylatk\u00e9pek \u00e1tad\u00e1sa adathordoz\u00f3n. A 32 k\u00f3d eset\u00e9n a PEK enged\u00e9lye sz\u00fcks\u00e9ges, emiatt a legy\u00e1rt\u00e1st enged\u00e9lyez\u00e9si folyamat el\u0151zi meg.<\/p>\n<p><strong>TC Tranzakci\u00f3 k\u00f3d<\/strong> (A bizonylat t\u00edpus\u00e1t \u00e9s az OCR s\u00e1v kit\u00f6lt\u00f6tts\u00e9g\u00e9nek fok\u00e1t jelzi)<\/p>\n<p>&#8211; 51 = teljesen kit\u00f6lt\u00f6tt k\u00e9szp\u00e9nz\u00e1tutal\u00e1si megb\u00edz\u00e1s<\/p>\n<p>&#8211; 52 = a fels\u0151 OCR-s\u00e1vb\u00f3l az \u00d6sszeg adat hi\u00e1nyzik<\/p>\n<p>&#8211; 54 = az OCR-s\u00e1vb\u00f3l mind az \u00d6sszeg, mind a Befizet\u00f5azonos\u00edt\u00f3 hi\u00e1nyzik (de a Befizet\u00f5azonos\u00edt\u00f3 a k\u00e9zi kit\u00f6lt\u00e9s\u0171 adatmez\u0151n a Luhn-f\u00e9le k\u00e9plettel kit\u00f6lt\u00e9sre ker\u00fcl)<\/p>\n<p>&#8211; 55 = az \u00d6sszeg \u00e9s a Befizet\u00f5azonos\u00edt\u00f3 az OCR-s\u00e1vb\u00f3l hi\u00e1nyzik (\u00e9s nem is \u00e1ll rendelkez\u00e9sre)<\/p>\n<p>&#8211; TC = 51-53 k\u00f3d eset\u00e9n k\u00e9s\u0151bb egyeztet\u00e9sre ker\u00fcl\u0151 form\u00e1tum\u00fa \u00e9s szerkezet\u0171 adatb\u00e1zist k\u00e9r\u00fcnk.<\/p>\n<p>&#8211; TC = 51-54 k\u00f3ddal ig\u00e9nybe vehet\u0151 valamennyi OC k\u00f3d, azonban aj\u00e1nlott az OC = 31<\/p>\n<p>&#8211; TC = 55 k\u00f3ddal a csak az OC = 21 vehet\u0151 ig\u00e9nybe (OC = 31 nem)<\/p>\n<p>&nbsp;<\/p>\n<p>Amennyiben nem t\u00fcntetnek fel k\u00f3dokat, akkor az OC 21 \u00e9s TC 55 k\u00f3dokkal k\u00e9sz\u00edtj\u00fck el a csekkeket.<\/p>\n","protected":false},"excerpt":{"rendered":"<p>Technikai inform\u00e1ci\u00f3k a csekk kit\u00f6lt\u00e9s\u00e9hez \u00dcgyfeleink legt\u00f6bb k\u00e9rd\u00e9se a megjel\u00f6lend\u0151 OC \u00e9s TC k\u00f3dokhoz kapcsol\u00f3dik, ez\u00e9rt a k\u00f3dokhoz adunk egy kis magyar\u00e1zatot (kivonat a Magyar Posta ZRt. T\u00e1j\u00e9koztat\u00f3j\u00e1b\u00f3l): OC Output (kimenet) k\u00f3d (A Posta \u00e1ltal a Sz\u00e1mlatulajdonos r\u00e9sz\u00e9re a tranzakci\u00f3r\u00f3l biztos\u00edtand\u00f3 inform\u00e1ci\u00f3 tartalm\u00e1t \u00e9s form\u00e1j\u00e1t hat\u00e1rozza meg) &#8211; 21 = a g\u00e9ppel feldolgozott bizonylat eredeti [&hellip;]<\/p>\n","protected":false},"author":1,"featured_media":0,"parent":0,"menu_order":0,"comment_status":"closed","ping_status":"closed","template":"","meta":{"site-sidebar-layout":"default","site-content-layout":"","ast-site-content-layout":"default","site-content-style":"default","site-sidebar-style":"default","ast-global-header-display":"","ast-banner-title-visibility":"","ast-main-header-display":"","ast-hfb-above-header-display":"","ast-hfb-below-header-display":"","ast-hfb-mobile-header-display":"","site-post-title":"disabled","ast-breadcrumbs-content":"","ast-featured-img":"","footer-sml-layout":"","theme-transparent-header-meta":"default","adv-header-id-meta":"","stick-header-meta":"","header-above-stick-meta":"","header-main-stick-meta":"","header-below-stick-meta":"","astra-migrate-meta-layouts":"set","ast-page-background-enabled":"default","ast-page-background-meta":{"desktop":{"background-color":"","background-image":"","background-repeat":"repeat","background-position":"center center","background-size":"auto","background-attachment":"scroll","background-type":"","background-media":"","overlay-type":"","overlay-color":"","overlay-opacity":"","overlay-gradient":""},"tablet":{"background-color":"","background-image":"","background-repeat":"repeat","background-position":"center center","background-size":"auto","background-attachment":"scroll","background-type":"","background-media":"","overlay-type":"","overlay-color":"","overlay-opacity":"","overlay-gradient":""},"mobile":{"background-color":"","background-image":"","background-repeat":"repeat","background-position":"center center","background-size":"auto","background-attachment":"scroll","background-type":"","background-media":"","overlay-type":"","overlay-color":"","overlay-opacity":"","overlay-gradient":""}},"ast-content-background-meta":{"desktop":{"background-color":"var(--ast-global-color-5)","background-image":"","background-repeat":"repeat","background-position":"center center","background-size":"auto","background-attachment":"scroll","background-type":"","background-media":"","overlay-type":"","overlay-color":"","overlay-opacity":"","overlay-gradient":""},"tablet":{"background-color":"var(--ast-global-color-5)","background-image":"","background-repeat":"repeat","background-position":"center center","background-size":"auto","background-attachment":"scroll","background-type":"","background-media":"","overlay-type":"","overlay-color":"","overlay-opacity":"","overlay-gradient":""},"mobile":{"background-color":"var(--ast-global-color-5)","background-image":"","background-repeat":"repeat","background-position":"center center","background-size":"auto","background-attachment":"scroll","background-type":"","background-media":"","overlay-type":"","overlay-color":"","overlay-opacity":"","overlay-gradient":""}},"footnotes":""},"class_list":["post-1769","page","type-page","status-publish","hentry"],"_links":{"self":[{"href":"https:\/\/www.bcestratcomm.hu\/csekk\/wp-json\/wp\/v2\/pages\/1769","targetHints":{"allow":["GET"]}}],"collection":[{"href":"https:\/\/www.bcestratcomm.hu\/csekk\/wp-json\/wp\/v2\/pages"}],"about":[{"href":"https:\/\/www.bcestratcomm.hu\/csekk\/wp-json\/wp\/v2\/types\/page"}],"author":[{"embeddable":true,"href":"https:\/\/www.bcestratcomm.hu\/csekk\/wp-json\/wp\/v2\/users\/1"}],"replies":[{"embeddable":true,"href":"https:\/\/www.bcestratcomm.hu\/csekk\/wp-json\/wp\/v2\/comments?post=1769"}],"version-history":[{"count":1,"href":"https:\/\/www.bcestratcomm.hu\/csekk\/wp-json\/wp\/v2\/pages\/1769\/revisions"}],"predecessor-version":[{"id":1770,"href":"https:\/\/www.bcestratcomm.hu\/csekk\/wp-json\/wp\/v2\/pages\/1769\/revisions\/1770"}],"wp:attachment":[{"href":"https:\/\/www.bcestratcomm.hu\/csekk\/wp-json\/wp\/v2\/media?parent=1769"}],"curies":[{"name":"wp","href":"https:\/\/api.w.org\/{rel}","templated":true}]}}