{"id":1763,"date":"2024-03-25T19:16:57","date_gmt":"2024-03-25T19:16:57","guid":{"rendered":"https:\/\/www.bcestratcomm.hu\/csekk\/?page_id=1763"},"modified":"2024-05-05T16:49:08","modified_gmt":"2024-05-05T16:49:08","slug":"postazas","status":"publish","type":"page","link":"https:\/\/www.bcestratcomm.hu\/csekk\/postazas\/","title":{"rendered":"Post\u00e1z\u00e1s"},"content":{"rendered":"\t\t<div data-elementor-type=\"wp-post\" data-elementor-id=\"1763\" class=\"elementor elementor-1763\" data-elementor-post-type=\"page\">\n\t\t\t\t<div class=\"elementor-element elementor-element-f0b3181 e-flex e-con-boxed elementor-invisible e-con e-parent\" data-id=\"f0b3181\" data-element_type=\"container\" data-settings=\"{&quot;background_background&quot;:&quot;classic&quot;,&quot;animation&quot;:&quot;fadeIn&quot;}\">\n\t\t\t\t\t<div class=\"e-con-inner\">\n\t\t<div class=\"elementor-element elementor-element-b17abf7 e-con-full e-flex e-con e-child\" data-id=\"b17abf7\" data-element_type=\"container\">\n\t\t\t\t<div class=\"elementor-element elementor-element-6878345 elementor-widget elementor-widget-heading\" data-id=\"6878345\" data-element_type=\"widget\" data-widget_type=\"heading.default\">\n\t\t\t\t<div class=\"elementor-widget-container\">\n\t\t\t\t\t<h1 class=\"elementor-heading-title elementor-size-default\">Post\u00e1z\u00e1s<\/h1>\t\t\t\t<\/div>\n\t\t\t\t<\/div>\n\t\t\t\t<div class=\"elementor-element elementor-element-0ec466c elementor-widget elementor-widget-heading\" data-id=\"0ec466c\" data-element_type=\"widget\" data-widget_type=\"heading.default\">\n\t\t\t\t<div class=\"elementor-widget-container\">\n\t\t\t\t\t<h4 class=\"elementor-heading-title elementor-size-default\">K\u00fcldet\u00e9s\u00fcnk: megfelelni \u00fcgyfeleink maxim\u00e1lis elv\u00e1r\u00e1sainak<\/h4>\t\t\t\t<\/div>\n\t\t\t\t<\/div>\n\t\t\t\t<\/div>\n\t\t\t\t\t<\/div>\n\t\t\t\t<\/div>\n\t\t<div class=\"elementor-element elementor-element-b3cc627 e-flex e-con-boxed e-con e-parent\" data-id=\"b3cc627\" data-element_type=\"container\" data-settings=\"{&quot;background_background&quot;:&quot;gradient&quot;}\">\n\t\t\t\t\t<div class=\"e-con-inner\">\n\t\t<div class=\"elementor-element elementor-element-1041781 e-flex e-con-boxed e-con e-child\" data-id=\"1041781\" data-element_type=\"container\">\n\t\t\t\t\t<div class=\"e-con-inner\">\n\t\t\t\t<div class=\"elementor-element elementor-element-b30a678 elementor-widget elementor-widget-heading\" data-id=\"b30a678\" data-element_type=\"widget\" data-widget_type=\"heading.default\">\n\t\t\t\t<div class=\"elementor-widget-container\">\n\t\t\t\t\t<h2 class=\"elementor-heading-title elementor-size-default\">Miben tudunk seg\u00edteni?<\/h2>\t\t\t\t<\/div>\n\t\t\t\t<\/div>\n\t\t\t\t<div class=\"elementor-element elementor-element-9d98c79 elementor-widget elementor-widget-text-editor\" data-id=\"9d98c79\" data-element_type=\"widget\" data-widget_type=\"text-editor.default\">\n\t\t\t\t<div class=\"elementor-widget-container\">\n\t\t\t\t\t\t\t\t\t<p>\u00dcgyfeleinknek komplett postai szolg\u00e1ltat\u00e1st ny\u00fajtunk, mely mag\u00e1ba foglalja a k\u00fcldem\u00e9ny el\u0151\u00e1ll\u00edt\u00e1s\u00e1t ( ak\u00e1r t\u00f6meges, rekl\u00e1mk\u00fcldem\u00e9nyek, sz\u00e1ml\u00e1k, \u00e9rtes\u00edt\u0151k ), postai el\u0151k\u00e9sz\u00edt\u00e9s\u00e9t, postai \u00fcgyint\u00e9z\u00e9s\u00e9t, \u00e9s egyben a felad\u00e1st is. K\u00e9r\u00e9sre postafi\u00f3kot biztos\u00edtunk d\u00edjmentesen.<\/p><p>C\u00e9g\u00fcnk konszolid\u00e1tori felad\u00f3k\u00e9nt \u00fcgyfeleink k\u00fcldem\u00e9nyeit feladja post\u00e1z\u00e1s\u00e1ra, \u00edgy nem kell k\u00f6zvetlen\u00fcl a post\u00e1val szerz\u0151d\u00e9st k\u00f6tni, ezzel teljesen felgyors\u00edthatja a post\u00e1z\u00e1si folyamatokat. C\u00e9g\u00fcnk a postad\u00edjakat nett\u00f3 egys\u00e9g\u00e1ron tov\u00e1bb sz\u00e1ml\u00e1zza \u00fcgyfelei r\u00e9sz\u00e9re.<\/p><p>Rekl\u00e1mk\u00fcldem\u00e9nyek eset\u00e9ben egyedi k\u00e9zbes\u00edt\u00e9si d\u00edjakat is tudunk biztos\u00edtani.\u00a0<\/p><ul><li>postai k\u00fcldem\u00e9nyek b\u00e9rcsomagol\u00e1sa<\/li><li>postai k\u00fcldem\u00e9nyek felad\u00e1sa (levelek, csomagok, utalv\u00e1nyok)<\/li><li>levelek v\u00e1logat\u00e1sa<\/li><li>napi posta kisz\u00e1ll\u00edt\u00e1sa \u00e9s begy\u0171jt\u00e9se<\/li><li>postafi\u00f3k biztos\u00edt\u00e1sa<\/li><li>post\u00e1val kapcsolatos \u00fcgyint\u00e9z\u00e9s (pl tudakoz\u00f3d\u00e1s, stb.)<\/li><\/ul>\t\t\t\t\t\t\t\t<\/div>\n\t\t\t\t<\/div>\n\t\t\t\t\t<\/div>\n\t\t\t\t<\/div>\n\t\t\t\t\t<\/div>\n\t\t\t\t<\/div>\n\t\t<div class=\"elementor-element elementor-element-8e8e58c e-con-full e-flex e-con e-parent\" data-id=\"8e8e58c\" data-element_type=\"container\">\n\t\t<div class=\"elementor-element elementor-element-a493308 e-con-full e-flex e-con e-child\" data-id=\"a493308\" data-element_type=\"container\" data-settings=\"{&quot;background_background&quot;:&quot;classic&quot;}\">\n\t\t\t\t<div class=\"elementor-element elementor-element-b09f05b elementor-button-align-stretch elementor-widget elementor-widget-form\" data-id=\"b09f05b\" data-element_type=\"widget\" data-settings=\"{&quot;step_next_label&quot;:&quot;Next&quot;,&quot;step_previous_label&quot;:&quot;Previous&quot;,&quot;button_width&quot;:&quot;100&quot;,&quot;step_type&quot;:&quot;number_text&quot;,&quot;step_icon_shape&quot;:&quot;circle&quot;}\" data-widget_type=\"form.default\">\n\t\t\t\t<div class=\"elementor-widget-container\">\n\t\t\t\t\t\t\t<form class=\"elementor-form\" method=\"post\" name=\"New Form\" aria-label=\"New Form\">\n\t\t\t<input type=\"hidden\" name=\"post_id\" value=\"1763\"\/>\n\t\t\t<input type=\"hidden\" name=\"form_id\" value=\"b09f05b\"\/>\n\t\t\t<input type=\"hidden\" name=\"referer_title\" value=\"Post\u00e1z\u00e1s\" \/>\n\n\t\t\t\t\t\t\t<input type=\"hidden\" name=\"queried_id\" value=\"1763\"\/>\n\t\t\t\n\t\t\t<div class=\"elementor-form-fields-wrapper elementor-labels-above\">\n\t\t\t\t\t\t\t\t<div class=\"elementor-field-type-text elementor-field-group elementor-column elementor-field-group-name elementor-col-100\">\n\t\t\t\t\t\t\t\t\t\t\t\t\t<input size=\"1\" type=\"text\" name=\"form_fields[name]\" id=\"form-field-name\" class=\"elementor-field elementor-size-sm  elementor-field-textual\" placeholder=\"N\u00e9v\">\n\t\t\t\t\t\t\t\t\t\t\t<\/div>\n\t\t\t\t\t\t\t\t<div class=\"elementor-field-type-email elementor-field-group elementor-column elementor-field-group-email elementor-col-100 elementor-field-required\">\n\t\t\t\t\t\t\t\t\t\t\t\t\t<input size=\"1\" type=\"email\" name=\"form_fields[email]\" id=\"form-field-email\" class=\"elementor-field elementor-size-sm  elementor-field-textual\" placeholder=\"Email\" required=\"required\">\n\t\t\t\t\t\t\t\t\t\t\t<\/div>\n\t\t\t\t\t\t\t\t<div class=\"elementor-field-type-textarea elementor-field-group elementor-column elementor-field-group-message elementor-col-100\">\n\t\t\t\t\t<textarea class=\"elementor-field-textual elementor-field  elementor-size-sm\" name=\"form_fields[message]\" id=\"form-field-message\" rows=\"4\" placeholder=\"\u00dczenet\"><\/textarea>\t\t\t\t<\/div>\n\t\t\t\t\t\t\t\t<div class=\"elementor-field-group elementor-column elementor-field-type-submit elementor-col-100 e-form__buttons\">\n\t\t\t\t\t<button class=\"elementor-button elementor-size-sm\" type=\"submit\">\n\t\t\t\t\t\t<span class=\"elementor-button-content-wrapper\">\n\t\t\t\t\t\t\t\t\t\t\t\t\t\t\t\t\t\t\t\t\t\t<span class=\"elementor-button-text\">Send<\/span>\n\t\t\t\t\t\t\t\t\t\t\t\t\t<\/span>\n\t\t\t\t\t<\/button>\n\t\t\t\t<\/div>\n\t\t\t<\/div>\n\t\t<\/form>\n\t\t\t\t\t\t<\/div>\n\t\t\t\t<\/div>\n\t\t\t\t<div class=\"elementor-element elementor-element-175d9a7 elementor-widget elementor-widget-spacer\" data-id=\"175d9a7\" data-element_type=\"widget\" data-widget_type=\"spacer.default\">\n\t\t\t\t<div class=\"elementor-widget-container\">\n\t\t\t\t\t\t\t<div class=\"elementor-spacer\">\n\t\t\t<div class=\"elementor-spacer-inner\"><\/div>\n\t\t<\/div>\n\t\t\t\t\t\t<\/div>\n\t\t\t\t<\/div>\n\t\t\t\t<\/div>\n\t\t<div class=\"elementor-element elementor-element-bdfab81 e-con-full e-flex e-con e-child\" data-id=\"bdfab81\" data-element_type=\"container\" data-settings=\"{&quot;background_background&quot;:&quot;classic&quot;}\">\n\t\t\t\t<div class=\"elementor-element elementor-element-ee3fca8 elementor-widget elementor-widget-heading\" data-id=\"ee3fca8\" data-element_type=\"widget\" data-widget_type=\"heading.default\">\n\t\t\t\t<div class=\"elementor-widget-container\">\n\t\t\t\t\t<h2 class=\"elementor-heading-title elementor-size-default\">Inform\u00e1ci\u00f3k, kapcsolat<\/h2>\t\t\t\t<\/div>\n\t\t\t\t<\/div>\n\t\t\t\t<div class=\"elementor-element elementor-element-f31709b elementor-widget elementor-widget-text-editor\" data-id=\"f31709b\" data-element_type=\"widget\" data-widget_type=\"text-editor.default\">\n\t\t\t\t<div class=\"elementor-widget-container\">\n\t\t\t\t\t\t\t\t\t<p>Az \u00e1raj\u00e1nlat k\u00e9r\u00e9st, illetve a gy\u00e1rt\u00e1st t\u00f6bbf\u00e9le m\u00f3don is megrendelheti \u00edr\u00e1sban melyek a k\u00f6vetkez\u0151k:<\/p><p>e-mailben: <a href=\"mailto:ajanlat@mbert.hu\">ajanlat@mbert.hu<\/a><br \/>faxon: +36 1 238 0875<\/p><p>Vagy t\u00f6ltse ki a kapcsolati \u0171rlapunkat! Keressen benn\u00fcnket \u00e9s k\u00e9rje egyedi aj\u00e1nlatunkat.<\/p>\t\t\t\t\t\t\t\t<\/div>\n\t\t\t\t<\/div>\n\t\t\t\t<div class=\"elementor-element elementor-element-4adca80 elementor-widget elementor-widget-image\" data-id=\"4adca80\" data-element_type=\"widget\" data-widget_type=\"image.default\">\n\t\t\t\t<div class=\"elementor-widget-container\">\n\t\t\t\t\t\t\t\t\t\t\t\t\t\t\t<img fetchpriority=\"high\" decoding=\"async\" width=\"800\" height=\"476\" src=\"https:\/\/www.bcestratcomm.hu\/csekk\/wp-content\/uploads\/sites\/38\/2024\/03\/21ad6c05-6db9-4ed6-9121-d0deb726eee2.png\" class=\"attachment-large size-large wp-image-1688\" alt=\"\" srcset=\"https:\/\/www.bcestratcomm.hu\/csekk\/wp-content\/uploads\/sites\/38\/2024\/03\/21ad6c05-6db9-4ed6-9121-d0deb726eee2.png 800w, https:\/\/www.bcestratcomm.hu\/csekk\/wp-content\/uploads\/sites\/38\/2024\/03\/21ad6c05-6db9-4ed6-9121-d0deb726eee2-300x179.png 300w, https:\/\/www.bcestratcomm.hu\/csekk\/wp-content\/uploads\/sites\/38\/2024\/03\/21ad6c05-6db9-4ed6-9121-d0deb726eee2-768x457.png 768w, https:\/\/www.bcestratcomm.hu\/csekk\/wp-content\/uploads\/sites\/38\/2024\/03\/21ad6c05-6db9-4ed6-9121-d0deb726eee2-600x357.png 600w\" sizes=\"(max-width: 800px) 100vw, 800px\" \/>\t\t\t\t\t\t\t\t\t\t\t\t\t\t\t<\/div>\n\t\t\t\t<\/div>\n\t\t\t\t<\/div>\n\t\t\t\t<\/div>\n\t\t<div class=\"elementor-element elementor-element-493290e e-flex e-con-boxed e-con e-parent\" data-id=\"493290e\" data-element_type=\"container\" data-settings=\"{&quot;background_background&quot;:&quot;classic&quot;}\">\n\t\t\t\t\t<div class=\"e-con-inner\">\n\t\t<div class=\"elementor-element elementor-element-44972c7 e-con-full e-flex e-con e-child\" data-id=\"44972c7\" data-element_type=\"container\">\n\t\t\t\t<div class=\"elementor-element elementor-element-1567c83 elementor-widget elementor-widget-heading\" data-id=\"1567c83\" data-element_type=\"widget\" data-widget_type=\"heading.default\">\n\t\t\t\t<div class=\"elementor-widget-container\">\n\t\t\t\t\t<h4 class=\"elementor-heading-title elementor-size-default\">R\u00f3lunk<\/h4>\t\t\t\t<\/div>\n\t\t\t\t<\/div>\n\t\t\t\t<div class=\"elementor-element elementor-element-8bd3f0b elementor-widget elementor-widget-text-editor\" data-id=\"8bd3f0b\" data-element_type=\"widget\" data-widget_type=\"text-editor.default\">\n\t\t\t\t<div class=\"elementor-widget-container\">\n\t\t\t\t\t\t\t\t\t<p>20 \u00e9ve foglalkozunk komplett k\u00fcldem\u00e9ny el\u0151\u00e1ll\u00edt\u00e1ssal<\/p>\t\t\t\t\t\t\t\t<\/div>\n\t\t\t\t<\/div>\n\t\t\t\t<\/div>\n\t\t<div class=\"elementor-element elementor-element-a4ce96b e-con-full e-flex e-con e-child\" data-id=\"a4ce96b\" data-element_type=\"container\">\n\t\t\t\t<div class=\"elementor-element elementor-element-7e015aa elementor-widget__width-auto elementor-widget elementor-widget-counter\" data-id=\"7e015aa\" data-element_type=\"widget\" data-widget_type=\"counter.default\">\n\t\t\t\t<div class=\"elementor-widget-container\">\n\t\t\t\t\t\t\t<div class=\"elementor-counter\">\n\t\t\t\t\t\t<div class=\"elementor-counter-number-wrapper\">\n\t\t\t\t<span class=\"elementor-counter-number-prefix\"><\/span>\n\t\t\t\t<span class=\"elementor-counter-number\" data-duration=\"2000\" data-to-value=\"8400\" data-from-value=\"1\" data-delimiter=\",\">1<\/span>\n\t\t\t\t<span class=\"elementor-counter-number-suffix\"><\/span>\n\t\t\t<\/div>\n\t\t<\/div>\n\t\t\t\t\t\t<\/div>\n\t\t\t\t<\/div>\n\t\t\t\t<div class=\"elementor-element elementor-element-23a211f elementor-widget__width-initial elementor-widget elementor-widget-heading\" data-id=\"23a211f\" data-element_type=\"widget\" data-widget_type=\"heading.default\">\n\t\t\t\t<div class=\"elementor-widget-container\">\n\t\t\t\t\t<h6 class=\"elementor-heading-title elementor-size-default\">El\u00e9gedett \u00fcgyf\u00e9l<\/h6>\t\t\t\t<\/div>\n\t\t\t\t<\/div>\n\t\t\t\t<\/div>\n\t\t<div class=\"elementor-element elementor-element-7daa1e4 e-con-full e-flex e-con e-child\" data-id=\"7daa1e4\" data-element_type=\"container\">\n\t\t\t\t<div class=\"elementor-element elementor-element-70e9825 elementor-widget__width-auto elementor-widget elementor-widget-counter\" data-id=\"70e9825\" data-element_type=\"widget\" data-widget_type=\"counter.default\">\n\t\t\t\t<div class=\"elementor-widget-container\">\n\t\t\t\t\t\t\t<div class=\"elementor-counter\">\n\t\t\t\t\t\t<div class=\"elementor-counter-number-wrapper\">\n\t\t\t\t<span class=\"elementor-counter-number-prefix\"><\/span>\n\t\t\t\t<span class=\"elementor-counter-number\" data-duration=\"2000\" data-to-value=\"18920\" data-from-value=\"100\" data-delimiter=\",\">100<\/span>\n\t\t\t\t<span class=\"elementor-counter-number-suffix\"><\/span>\n\t\t\t<\/div>\n\t\t<\/div>\n\t\t\t\t\t\t<\/div>\n\t\t\t\t<\/div>\n\t\t\t\t<div class=\"elementor-element elementor-element-e2b15bd elementor-widget__width-initial elementor-widget elementor-widget-heading\" data-id=\"e2b15bd\" data-element_type=\"widget\" data-widget_type=\"heading.default\">\n\t\t\t\t<div class=\"elementor-widget-container\">\n\t\t\t\t\t<h6 class=\"elementor-heading-title elementor-size-default\">Projekt<\/h6>\t\t\t\t<\/div>\n\t\t\t\t<\/div>\n\t\t\t\t<\/div>\n\t\t<div class=\"elementor-element elementor-element-79457dd e-con-full e-flex e-con e-child\" data-id=\"79457dd\" data-element_type=\"container\">\n\t\t\t\t<div class=\"elementor-element elementor-element-1889930 elementor-widget__width-initial elementor-widget elementor-widget-counter\" data-id=\"1889930\" data-element_type=\"widget\" data-widget_type=\"counter.default\">\n\t\t\t\t<div class=\"elementor-widget-container\">\n\t\t\t\t\t\t\t<div class=\"elementor-counter\">\n\t\t\t\t\t\t<div class=\"elementor-counter-number-wrapper\">\n\t\t\t\t<span class=\"elementor-counter-number-prefix\"><\/span>\n\t\t\t\t<span class=\"elementor-counter-number\" data-duration=\"2000\" data-to-value=\"48\" data-from-value=\"1\" data-delimiter=\",\">1<\/span>\n\t\t\t\t<span class=\"elementor-counter-number-suffix\"> milli\u00f3<\/span>\n\t\t\t<\/div>\n\t\t<\/div>\n\t\t\t\t\t\t<\/div>\n\t\t\t\t<\/div>\n\t\t\t\t<div class=\"elementor-element elementor-element-8d9335d elementor-widget__width-initial elementor-widget elementor-widget-heading\" data-id=\"8d9335d\" data-element_type=\"widget\" data-widget_type=\"heading.default\">\n\t\t\t\t<div class=\"elementor-widget-container\">\n\t\t\t\t\t<h6 class=\"elementor-heading-title elementor-size-default\">Kinyomtatott anyag<\/h6>\t\t\t\t<\/div>\n\t\t\t\t<\/div>\n\t\t\t\t<\/div>\n\t\t\t\t\t<\/div>\n\t\t\t\t<\/div>\n\t\t<div class=\"elementor-element elementor-element-3c7b9e4 e-flex e-con-boxed e-con e-parent\" data-id=\"3c7b9e4\" data-element_type=\"container\" data-settings=\"{&quot;background_background&quot;:&quot;classic&quot;}\">\n\t\t\t\t\t<div class=\"e-con-inner\">\n\t\t<div class=\"elementor-element elementor-element-7b0b241 e-con-full e-flex e-con e-child\" data-id=\"7b0b241\" data-element_type=\"container\" data-settings=\"{&quot;background_background&quot;:&quot;classic&quot;}\">\n\t\t<div class=\"elementor-element elementor-element-20b46ff e-con-full e-flex e-con e-child\" data-id=\"20b46ff\" data-element_type=\"container\">\n\t\t\t\t<div class=\"elementor-element elementor-element-5ff7c3b elementor-widget elementor-widget-heading\" data-id=\"5ff7c3b\" data-element_type=\"widget\" data-widget_type=\"heading.default\">\n\t\t\t\t<div class=\"elementor-widget-container\">\n\t\t\t\t\t<h3 class=\"elementor-heading-title elementor-size-default\">Szeretne egy\u00fcttm\u0171k\u00f6dni vel\u00fcnk?<\/h3>\t\t\t\t<\/div>\n\t\t\t\t<\/div>\n\t\t\t\t<div class=\"elementor-element elementor-element-6b625e2 elementor-widget elementor-widget-text-editor\" data-id=\"6b625e2\" data-element_type=\"widget\" data-widget_type=\"text-editor.default\">\n\t\t\t\t<div class=\"elementor-widget-container\">\n\t\t\t\t\t\t\t\t\tAmennyiben b\u00e1rmilyen k\u00e9rd\u00e9se mer\u00fcl fel, kolleg\u00e1ink k\u00e9szs\u00e9ggel \u00e1llnak a rendelkez\u00e9s\u00e9re az al\u00e1bbi el\u00e9rhet\u0151s\u00e9gen telefonon: +36 1\u00a0238 0874\t\t\t\t\t\t\t\t<\/div>\n\t\t\t\t<\/div>\n\t\t\t\t<\/div>\n\t\t<div class=\"elementor-element elementor-element-efce9db e-con-full e-flex e-con e-child\" data-id=\"efce9db\" data-element_type=\"container\">\n\t\t\t\t<div class=\"elementor-element elementor-element-1f62f93 elementor-align-right elementor-tablet-align-center elementor-widget elementor-widget-button\" data-id=\"1f62f93\" data-element_type=\"widget\" data-widget_type=\"button.default\">\n\t\t\t\t<div class=\"elementor-widget-container\">\n\t\t\t\t\t\t\t\t\t<div class=\"elementor-button-wrapper\">\n\t\t\t\t\t<a class=\"elementor-button elementor-button-link elementor-size-sm\" href=\"https:\/\/www.bcestratcomm.hu\/csekk\/kapcsolat\/\">\n\t\t\t\t\t\t<span class=\"elementor-button-content-wrapper\">\n\t\t\t\t\t\t\t\t\t<span class=\"elementor-button-text\">KAPCSOLAT<\/span>\n\t\t\t\t\t<\/span>\n\t\t\t\t\t<\/a>\n\t\t\t\t<\/div>\n\t\t\t\t\t\t\t\t<\/div>\n\t\t\t\t<\/div>\n\t\t\t\t<\/div>\n\t\t\t\t<\/div>\n\t\t\t\t\t<\/div>\n\t\t\t\t<\/div>\n\t\t\t\t<\/div>\n\t\t","protected":false},"excerpt":{"rendered":"<p>Post\u00e1z\u00e1s K\u00fcldet\u00e9s\u00fcnk: megfelelni \u00fcgyfeleink maxim\u00e1lis elv\u00e1r\u00e1sainak Miben tudunk seg\u00edteni? \u00dcgyfeleinknek komplett postai szolg\u00e1ltat\u00e1st ny\u00fajtunk, mely mag\u00e1ba foglalja a k\u00fcldem\u00e9ny el\u0151\u00e1ll\u00edt\u00e1s\u00e1t ( ak\u00e1r t\u00f6meges, rekl\u00e1mk\u00fcldem\u00e9nyek, sz\u00e1ml\u00e1k, \u00e9rtes\u00edt\u0151k ), postai el\u0151k\u00e9sz\u00edt\u00e9s\u00e9t, postai \u00fcgyint\u00e9z\u00e9s\u00e9t, \u00e9s egyben a felad\u00e1st is. K\u00e9r\u00e9sre postafi\u00f3kot biztos\u00edtunk d\u00edjmentesen. C\u00e9g\u00fcnk konszolid\u00e1tori felad\u00f3k\u00e9nt \u00fcgyfeleink k\u00fcldem\u00e9nyeit feladja post\u00e1z\u00e1s\u00e1ra, \u00edgy nem kell k\u00f6zvetlen\u00fcl a post\u00e1val szerz\u0151d\u00e9st k\u00f6tni, [&hellip;]<\/p>\n","protected":false},"author":1,"featured_media":0,"parent":0,"menu_order":0,"comment_status":"closed","ping_status":"closed","template":"","meta":{"site-sidebar-layout":"no-sidebar","site-content-layout":"page-builder","ast-site-content-layout":"full-width-container","site-content-style":"unboxed","site-sidebar-style":"unboxed","ast-global-header-display":"","ast-banner-title-visibility":"","ast-main-header-display":"","ast-hfb-above-header-display":"","ast-hfb-below-header-display":"","ast-hfb-mobile-header-display":"","site-post-title":"disabled","ast-breadcrumbs-content":"","ast-featured-img":"disabled","footer-sml-layout":"","theme-transparent-header-meta":"enabled","adv-header-id-meta":"","stick-header-meta":"","header-above-stick-meta":"","header-main-stick-meta":"","header-below-stick-meta":"","astra-migrate-meta-layouts":"set","ast-page-background-enabled":"default","ast-page-background-meta":{"desktop":{"background-color":"","background-image":"","background-repeat":"repeat","background-position":"center center","background-size":"auto","background-attachment":"scroll","background-type":"","background-media":"","overlay-type":"","overlay-color":"","overlay-opacity":"","overlay-gradient":""},"tablet":{"background-color":"","background-image":"","background-repeat":"repeat","background-position":"center center","background-size":"auto","background-attachment":"scroll","background-type":"","background-media":"","overlay-type":"","overlay-color":"","overlay-opacity":"","overlay-gradient":""},"mobile":{"background-color":"","background-image":"","background-repeat":"repeat","background-position":"center center","background-size":"auto","background-attachment":"scroll","background-type":"","background-media":"","overlay-type":"","overlay-color":"","overlay-opacity":"","overlay-gradient":""}},"ast-content-background-meta":{"desktop":{"background-color":"var(--ast-global-color-5)","background-image":"","background-repeat":"repeat","background-position":"center center","background-size":"auto","background-attachment":"scroll","background-type":"","background-media":"","overlay-type":"","overlay-color":"","overlay-opacity":"","overlay-gradient":""},"tablet":{"background-color":"var(--ast-global-color-5)","background-image":"","background-repeat":"repeat","background-position":"center center","background-size":"auto","background-attachment":"scroll","background-type":"","background-media":"","overlay-type":"","overlay-color":"","overlay-opacity":"","overlay-gradient":""},"mobile":{"background-color":"var(--ast-global-color-5)","background-image":"","background-repeat":"repeat","background-position":"center center","background-size":"auto","background-attachment":"scroll","background-type":"","background-media":"","overlay-type":"","overlay-color":"","overlay-opacity":"","overlay-gradient":""}},"footnotes":""},"class_list":["post-1763","page","type-page","status-publish","hentry"],"_links":{"self":[{"href":"https:\/\/www.bcestratcomm.hu\/csekk\/wp-json\/wp\/v2\/pages\/1763","targetHints":{"allow":["GET"]}}],"collection":[{"href":"https:\/\/www.bcestratcomm.hu\/csekk\/wp-json\/wp\/v2\/pages"}],"about":[{"href":"https:\/\/www.bcestratcomm.hu\/csekk\/wp-json\/wp\/v2\/types\/page"}],"author":[{"embeddable":true,"href":"https:\/\/www.bcestratcomm.hu\/csekk\/wp-json\/wp\/v2\/users\/1"}],"replies":[{"embeddable":true,"href":"https:\/\/www.bcestratcomm.hu\/csekk\/wp-json\/wp\/v2\/comments?post=1763"}],"version-history":[{"count":7,"href":"https:\/\/www.bcestratcomm.hu\/csekk\/wp-json\/wp\/v2\/pages\/1763\/revisions"}],"predecessor-version":[{"id":1848,"href":"https:\/\/www.bcestratcomm.hu\/csekk\/wp-json\/wp\/v2\/pages\/1763\/revisions\/1848"}],"wp:attachment":[{"href":"https:\/\/www.bcestratcomm.hu\/csekk\/wp-json\/wp\/v2\/media?parent=1763"}],"curies":[{"name":"wp","href":"https:\/\/api.w.org\/{rel}","templated":true}]}}