{"id":1958,"date":"2025-11-21T07:53:54","date_gmt":"2025-11-21T07:53:54","guid":{"rendered":"https:\/\/www.bcestratcomm.hu\/beyondborders\/?page_id=1958"},"modified":"2025-11-21T07:53:54","modified_gmt":"2025-11-21T07:53:54","slug":"toltott-kaposzta-stuffed-cabbage-rolls","status":"publish","type":"page","link":"https:\/\/www.bcestratcomm.hu\/beyondborders\/toltott-kaposzta-stuffed-cabbage-rolls\/","title":{"rendered":"T\u00f6lt\u00f6tt K\u00e1poszta (Stuffed Cabbage Rolls)"},"content":{"rendered":"<p>T\u00f6lt\u00f6tt k\u00e1poszta is a traditional Hungarian dish made of cabbage leaves wrapped around a seasoned mixture of minced meat and rice, then slowly cooked in a rich, paprika-infused sauerkraut base. It&#8217;s hearty, aromatic, and deeply tied to Hungarian festive cooking.<\/p>\n<p><img decoding=\"async\" class=\"alignnone size-medium wp-image-1959\" src=\"https:\/\/www.bcestratcomm.hu\/beyondborders\/wp-content\/uploads\/sites\/73\/2025\/11\/pexels-photo-32604531-32604531-300x157.jpg\" alt=\"Close-up of traditionally cooked stuffed cabbage rolls garnished with parsley on a plate.\" width=\"300\" height=\"157\" title=\"T\u00f6lt\u00f6tt K\u00e1poszta (Stuffed Cabbage Rolls)\" srcset=\"https:\/\/www.bcestratcomm.hu\/beyondborders\/wp-content\/uploads\/sites\/73\/2025\/11\/pexels-photo-32604531-32604531-300x157.jpg 300w, https:\/\/www.bcestratcomm.hu\/beyondborders\/wp-content\/uploads\/sites\/73\/2025\/11\/pexels-photo-32604531-32604531-1024x535.jpg 1024w, https:\/\/www.bcestratcomm.hu\/beyondborders\/wp-content\/uploads\/sites\/73\/2025\/11\/pexels-photo-32604531-32604531-768x401.jpg 768w, https:\/\/www.bcestratcomm.hu\/beyondborders\/wp-content\/uploads\/sites\/73\/2025\/11\/pexels-photo-32604531-32604531.jpg 1200w\" sizes=\"(max-width: 300px) 100vw, 300px\" \/><\/p>\n<p>T\u00f6lt\u00f6tt k\u00e1poszta is especially significant during Christmas and major family celebrations in Hungary. It symbolizes warmth, abundance, and togetherness, often prepared in large pots and shared among extended family. Its slow cooking and rich flavors reflect the traditions of communal holiday meals.<\/p>\n<p><strong>see different variations of t\u00f6lt\u00f6tt k\u00e1poszta here<\/strong><\/p>\n<p><a href=\"https:\/\/www.youtube.com\/watch?v=xc_eFO5K4Fk\">https:\/\/www.youtube.com\/watch?v=xc_eFO5K4Fk<\/a><\/p>\n","protected":false},"excerpt":{"rendered":"<p>T\u00f6lt\u00f6tt k\u00e1poszta is a traditional Hungarian dish made of cabbage leaves wrapped around a seasoned mixture of minced meat and [&hellip;]<\/p>\n","protected":false},"author":324,"featured_media":0,"parent":0,"menu_order":0,"comment_status":"closed","ping_status":"closed","template":"","meta":{"site-sidebar-layout":"default","site-content-layout":"","ast-site-content-layout":"default","site-content-style":"default","site-sidebar-style":"default","ast-global-header-display":"","ast-banner-title-visibility":"","ast-main-header-display":"","ast-hfb-above-header-display":"","ast-hfb-below-header-display":"","ast-hfb-mobile-header-display":"","site-post-title":"","ast-breadcrumbs-content":"","ast-featured-img":"","footer-sml-layout":"","theme-transparent-header-meta":"default","adv-header-id-meta":"","stick-header-meta":"","header-above-stick-meta":"","header-main-stick-meta":"","header-below-stick-meta":"","astra-migrate-meta-layouts":"set","ast-page-background-enabled":"default","ast-page-background-meta":{"desktop":{"background-color":"var(--ast-global-color-4)","background-image":"","background-repeat":"repeat","background-position":"center center","background-size":"auto","background-attachment":"scroll","background-type":"","background-media":"","overlay-type":"","overlay-color":"","overlay-opacity":"","overlay-gradient":""},"tablet":{"background-color":"","background-image":"","background-repeat":"repeat","background-position":"center center","background-size":"auto","background-attachment":"scroll","background-type":"","background-media":"","overlay-type":"","overlay-color":"","overlay-opacity":"","overlay-gradient":""},"mobile":{"background-color":"","background-image":"","background-repeat":"repeat","background-position":"center center","background-size":"auto","background-attachment":"scroll","background-type":"","background-media":"","overlay-type":"","overlay-color":"","overlay-opacity":"","overlay-gradient":""}},"ast-content-background-meta":{"desktop":{"background-color":"var(--ast-global-color-5)","background-image":"","background-repeat":"repeat","background-position":"center center","background-size":"auto","background-attachment":"scroll","background-type":"","background-media":"","overlay-type":"","overlay-color":"","overlay-opacity":"","overlay-gradient":""},"tablet":{"background-color":"var(--ast-global-color-5)","background-image":"","background-repeat":"repeat","background-position":"center center","background-size":"auto","background-attachment":"scroll","background-type":"","background-media":"","overlay-type":"","overlay-color":"","overlay-opacity":"","overlay-gradient":""},"mobile":{"background-color":"var(--ast-global-color-5)","background-image":"","background-repeat":"repeat","background-position":"center center","background-size":"auto","background-attachment":"scroll","background-type":"","background-media":"","overlay-type":"","overlay-color":"","overlay-opacity":"","overlay-gradient":""}},"footnotes":""},"class_list":["post-1958","page","type-page","status-publish","hentry"],"_links":{"self":[{"href":"https:\/\/www.bcestratcomm.hu\/beyondborders\/wp-json\/wp\/v2\/pages\/1958","targetHints":{"allow":["GET"]}}],"collection":[{"href":"https:\/\/www.bcestratcomm.hu\/beyondborders\/wp-json\/wp\/v2\/pages"}],"about":[{"href":"https:\/\/www.bcestratcomm.hu\/beyondborders\/wp-json\/wp\/v2\/types\/page"}],"author":[{"embeddable":true,"href":"https:\/\/www.bcestratcomm.hu\/beyondborders\/wp-json\/wp\/v2\/users\/324"}],"replies":[{"embeddable":true,"href":"https:\/\/www.bcestratcomm.hu\/beyondborders\/wp-json\/wp\/v2\/comments?post=1958"}],"version-history":[{"count":1,"href":"https:\/\/www.bcestratcomm.hu\/beyondborders\/wp-json\/wp\/v2\/pages\/1958\/revisions"}],"predecessor-version":[{"id":1960,"href":"https:\/\/www.bcestratcomm.hu\/beyondborders\/wp-json\/wp\/v2\/pages\/1958\/revisions\/1960"}],"wp:attachment":[{"href":"https:\/\/www.bcestratcomm.hu\/beyondborders\/wp-json\/wp\/v2\/media?parent=1958"}],"curies":[{"name":"wp","href":"https:\/\/api.w.org\/{rel}","templated":true}]}}